{"id":3169,"date":"2020-07-08T17:04:58","date_gmt":"2020-07-08T15:04:58","guid":{"rendered":"https:\/\/www.mariazell-wienerwald.at\/?page_id=3169"},"modified":"2020-07-08T17:10:00","modified_gmt":"2020-07-08T15:10:00","slug":"versand-zahlung","status":"publish","type":"page","link":"https:\/\/www.mariazell-wienerwald.at\/en\/versand-zahlung\/","title":{"rendered":"Versand &#038; Zahlung"},"content":{"rendered":"<div data-elementor-type=\"wp-page\" data-elementor-id=\"3169\" class=\"elementor elementor-3169\" data-elementor-post-type=\"page\">\n\t\t\t\t\t\t<section class=\"elementor-section elementor-top-section elementor-element elementor-element-30c0d05 elementor-section-boxed elementor-section-height-default elementor-section-height-default\" data-id=\"30c0d05\" data-element_type=\"section\" data-settings=\"{&quot;jet_parallax_layout_list&quot;:[{&quot;jet_parallax_layout_image&quot;:{&quot;url&quot;:&quot;&quot;,&quot;id&quot;:&quot;&quot;,&quot;size&quot;:&quot;&quot;},&quot;_id&quot;:&quot;616f551&quot;,&quot;jet_parallax_layout_image_tablet&quot;:{&quot;url&quot;:&quot;&quot;,&quot;id&quot;:&quot;&quot;,&quot;size&quot;:&quot;&quot;},&quot;jet_parallax_layout_image_mobile&quot;:{&quot;url&quot;:&quot;&quot;,&quot;id&quot;:&quot;&quot;,&quot;size&quot;:&quot;&quot;},&quot;jet_parallax_layout_speed&quot;:{&quot;unit&quot;:&quot;%&quot;,&quot;size&quot;:50,&quot;sizes&quot;:[]},&quot;jet_parallax_layout_type&quot;:&quot;scroll&quot;,&quot;jet_parallax_layout_direction&quot;:null,&quot;jet_parallax_layout_fx_direction&quot;:null,&quot;jet_parallax_layout_z_index&quot;:&quot;&quot;,&quot;jet_parallax_layout_bg_x&quot;:50,&quot;jet_parallax_layout_bg_y&quot;:50,&quot;jet_parallax_layout_bg_size&quot;:&quot;auto&quot;,&quot;jet_parallax_layout_animation_prop&quot;:&quot;transform&quot;,&quot;jet_parallax_layout_on&quot;:[&quot;desktop&quot;,&quot;tablet&quot;],&quot;jet_parallax_layout_bg_x_tablet&quot;:&quot;&quot;,&quot;jet_parallax_layout_bg_x_mobile&quot;:&quot;&quot;,&quot;jet_parallax_layout_bg_y_tablet&quot;:&quot;&quot;,&quot;jet_parallax_layout_bg_y_mobile&quot;:&quot;&quot;,&quot;jet_parallax_layout_bg_size_tablet&quot;:&quot;&quot;,&quot;jet_parallax_layout_bg_size_mobile&quot;:&quot;&quot;}]}\">\n\t\t\t\t\t\t<div class=\"elementor-container elementor-column-gap-default\">\n\t\t\t\t\t<div class=\"elementor-column elementor-col-100 elementor-top-column elementor-element elementor-element-fa5e5f1\" data-id=\"fa5e5f1\" data-element_type=\"column\">\n\t\t\t<div class=\"elementor-widget-wrap elementor-element-populated\">\n\t\t\t\t\t\t<div class=\"elementor-element elementor-element-107b18c elementor-widget elementor-widget-text-editor\" data-id=\"107b18c\" data-element_type=\"widget\" data-widget_type=\"text-editor.default\">\n\t\t\t\t<div class=\"elementor-widget-container\">\n\t\t\t\t\t\t\t<div class=\"elementor-element elementor-element-5c02294 elementor-widget elementor-widget-heading\" data-id=\"5c02294\" data-element_type=\"widget\" data-widget_type=\"heading.default\"><div class=\"elementor-widget-container\"><h2 class=\"elementor-heading-title elementor-size-default\">Shipping<\/h2><\/div><\/div><div class=\"elementor-element elementor-element-0688842 elementor-widget elementor-widget-text-editor\" data-id=\"0688842\" data-element_type=\"widget\" data-widget_type=\"text-editor.default\"><div class=\"elementor-widget-container\"><div class=\"elementor-text-editor elementor-clearfix\"><p>All packages are sent by the Austrian Post. Shipping takes usually place within 2-4 days after receipt of the order.<\/p><\/div><\/div><\/div><div class=\"elementor-element elementor-element-e6049fd elementor-widget elementor-widget-heading\" data-id=\"e6049fd\" data-element_type=\"widget\" data-widget_type=\"heading.default\"><div class=\"elementor-widget-container\"><h3 class=\"elementor-heading-title elementor-size-default\">Shipping Costs<\/h3><\/div><\/div><div class=\"elementor-element elementor-element-47d80d7 elementor-widget elementor-widget-text-editor\" data-id=\"47d80d7\" data-element_type=\"widget\" data-widget_type=\"text-editor.default\"><div class=\"elementor-widget-container\"><div class=\"elementor-text-editor elementor-clearfix\"><p><strong>Austria<\/strong>: 3,90\u20ac<br \/><strong>Germany &amp; Switzerland<\/strong>: 6,90\u20ac<\/p><\/div><\/div><\/div><div class=\"elementor-element elementor-element-43bd1c1 elementor-widget elementor-widget-divider\" data-id=\"43bd1c1\" data-element_type=\"widget\" data-widget_type=\"divider.default\"><div class=\"elementor-widget-container\"><div class=\"elementor-divider\">\u00a0<\/div><\/div><\/div><div class=\"elementor-element elementor-element-cb17fa7 elementor-widget elementor-widget-menu-anchor\" data-id=\"cb17fa7\" data-element_type=\"widget\" data-widget_type=\"menu-anchor.default\"><div class=\"elementor-widget-container\"><div id=\"zahlung\" class=\"elementor-menu-anchor\">\u00a0<\/div><\/div><\/div><div class=\"elementor-element elementor-element-5d98d08 elementor-widget elementor-widget-heading\" data-id=\"5d98d08\" data-element_type=\"widget\" data-widget_type=\"heading.default\"><div class=\"elementor-widget-container\"><h2 class=\"elementor-heading-title elementor-size-default\">Payment in the Online Shop<\/h2><\/div><\/div><div class=\"elementor-element elementor-element-9d59859 elementor-widget elementor-widget-text-editor\" data-id=\"9d59859\" data-element_type=\"widget\" data-widget_type=\"text-editor.default\"><div class=\"elementor-widget-container\"><div class=\"elementor-text-editor elementor-clearfix\"><p class=\" translation-block\">We offer all common payment methods in our online shop. You can find an overview on this page. <br> There are no additional costs for certain payment methods.<\/p><\/div><\/div><\/div><div class=\"elementor-element elementor-element-867536e elementor-widget elementor-widget-heading\" data-id=\"867536e\" data-element_type=\"widget\" data-widget_type=\"heading.default\"><div class=\"elementor-widget-container\"><h3 class=\"elementor-heading-title elementor-size-default\">Payment Methods<\/h3><\/div><\/div>\t\t\t\t\t\t<\/div>\n\t\t\t\t<\/div>\n\t\t\t\t<div class=\"elementor-element elementor-element-680afb6 elementor-widget elementor-widget-image\" data-id=\"680afb6\" data-element_type=\"widget\" data-widget_type=\"image.default\">\n\t\t\t\t<div class=\"elementor-widget-container\">\n\t\t\t\t\t\t\t\t\t\t\t\t\t<img decoding=\"async\" width=\"300\" height=\"53\" src=\"https:\/\/www.mariazell-wienerwald.at\/wp-content\/uploads\/2020\/07\/Artboard-1-300x53.png\" class=\"attachment-medium size-medium wp-image-3171\" alt=\"\" srcset=\"https:\/\/www.mariazell-wienerwald.at\/wp-content\/uploads\/2020\/07\/Artboard-1-300x53.png 300w, https:\/\/www.mariazell-wienerwald.at\/wp-content\/uploads\/2020\/07\/Artboard-1-768x136.png 768w, https:\/\/www.mariazell-wienerwald.at\/wp-content\/uploads\/2020\/07\/Artboard-1-600x106.png 600w, https:\/\/www.mariazell-wienerwald.at\/wp-content\/uploads\/2020\/07\/Artboard-1.png 927w\" sizes=\"(max-width: 300px) 100vw, 300px\" \/>\t\t\t\t\t\t\t\t\t\t\t\t\t<\/div>\n\t\t\t\t<\/div>\n\t\t\t\t\t<\/div>\n\t\t<\/div>\n\t\t\t\t\t<\/div>\n\t\t<\/section>\n\t\t\t\t<\/div>","protected":false},"excerpt":{"rendered":"<p>Versand Wir versenden alle Pakete mit der \u00f6sterreichischen Post. Der Versand erfolgt in der Regel innerhalb von 2-4 Tagen nach Eingang der Bestellung. Versandkosten \u00d6sterreich: 3,90\u20acDeutschland &amp; Schweiz: 6,90\u20ac \u00a0\u00a0 Zahlung im Online Shop Wir bieten alle g\u00e4ngigen Zahlungsmethoden in unserem Onlineshop an. Eine \u00dcbersicht finden Sie auf dieser Seite.Es entstehen f\u00fcr bestimmte Zahlungsmethoden keine [&hellip;]<\/p>","protected":false},"author":1,"featured_media":0,"parent":0,"menu_order":0,"comment_status":"closed","ping_status":"closed","template":"","meta":{"_acf_changed":false,"footnotes":""},"class_list":["post-3169","page","type-page","status-publish","hentry"],"acf":[],"yoast_head":"<!-- This site is optimized with the Yoast SEO plugin v23.1 - https:\/\/yoast.com\/wordpress\/plugins\/seo\/ -->\n<title>Versand &amp; Zahlung - Mariazell im Wienerwald<\/title>\n<meta name=\"robots\" content=\"index, follow, max-snippet:-1, max-image-preview:large, max-video-preview:-1\" \/>\n<link rel=\"canonical\" href=\"https:\/\/www.mariazell-wienerwald.at\/en\/klosterladen__trashed\/versand-zahlung\/\" \/>\n<meta property=\"og:locale\" content=\"en_US\" \/>\n<meta property=\"og:type\" content=\"article\" \/>\n<meta property=\"og:title\" content=\"Versand &amp; Zahlung - Mariazell im Wienerwald\" \/>\n<meta property=\"og:description\" content=\"Versand Wir versenden alle Pakete mit der \u00f6sterreichischen Post. Der Versand erfolgt in der Regel innerhalb von 2-4 Tagen nach Eingang der Bestellung. Versandkosten \u00d6sterreich: 3,90\u20acDeutschland &amp; Schweiz: 6,90\u20ac \u00a0\u00a0 Zahlung im Online Shop Wir bieten alle g\u00e4ngigen Zahlungsmethoden in unserem Onlineshop an. Eine \u00dcbersicht finden Sie auf dieser Seite.Es entstehen f\u00fcr bestimmte Zahlungsmethoden keine [&hellip;]\" \/>\n<meta property=\"og:url\" content=\"https:\/\/www.mariazell-wienerwald.at\/en\/klosterladen__trashed\/versand-zahlung\/\" \/>\n<meta property=\"og:site_name\" content=\"Mariazell im Wienerwald\" \/>\n<meta property=\"article:modified_time\" content=\"2020-07-08T15:10:00+00:00\" \/>\n<meta property=\"og:image\" content=\"https:\/\/www.mariazell-wienerwald.at\/wp-content\/uploads\/2020\/07\/Artboard-1-300x53.png\" \/>\n<meta name=\"twitter:card\" content=\"summary_large_image\" \/>\n<script type=\"application\/ld+json\" class=\"yoast-schema-graph\">{\"@context\":\"https:\/\/schema.org\",\"@graph\":[{\"@type\":\"WebPage\",\"@id\":\"https:\/\/www.mariazell-wienerwald.at\/klosterladen__trashed\/versand-zahlung\/\",\"url\":\"https:\/\/www.mariazell-wienerwald.at\/klosterladen__trashed\/versand-zahlung\/\",\"name\":\"Versand & Zahlung - Mariazell im Wienerwald\",\"isPartOf\":{\"@id\":\"https:\/\/www.mariazell-wienerwald.at\/#website\"},\"primaryImageOfPage\":{\"@id\":\"https:\/\/www.mariazell-wienerwald.at\/klosterladen__trashed\/versand-zahlung\/#primaryimage\"},\"image\":{\"@id\":\"https:\/\/www.mariazell-wienerwald.at\/klosterladen__trashed\/versand-zahlung\/#primaryimage\"},\"thumbnailUrl\":\"https:\/\/www.mariazell-wienerwald.at\/wp-content\/uploads\/2020\/07\/Artboard-1-300x53.png\",\"datePublished\":\"2020-07-08T15:04:58+00:00\",\"dateModified\":\"2020-07-08T15:10:00+00:00\",\"breadcrumb\":{\"@id\":\"https:\/\/www.mariazell-wienerwald.at\/klosterladen__trashed\/versand-zahlung\/#breadcrumb\"},\"inLanguage\":\"en-US\",\"potentialAction\":[{\"@type\":\"ReadAction\",\"target\":[\"https:\/\/www.mariazell-wienerwald.at\/klosterladen__trashed\/versand-zahlung\/\"]}]},{\"@type\":\"ImageObject\",\"inLanguage\":\"en-US\",\"@id\":\"https:\/\/www.mariazell-wienerwald.at\/klosterladen__trashed\/versand-zahlung\/#primaryimage\",\"url\":\"https:\/\/www.mariazell-wienerwald.at\/wp-content\/uploads\/2020\/07\/Artboard-1-300x53.png\",\"contentUrl\":\"https:\/\/www.mariazell-wienerwald.at\/wp-content\/uploads\/2020\/07\/Artboard-1-300x53.png\"},{\"@type\":\"BreadcrumbList\",\"@id\":\"https:\/\/www.mariazell-wienerwald.at\/klosterladen__trashed\/versand-zahlung\/#breadcrumb\",\"itemListElement\":[{\"@type\":\"ListItem\",\"position\":1,\"name\":\"Startseite\",\"item\":\"https:\/\/www.mariazell-wienerwald.at\/\"},{\"@type\":\"ListItem\",\"position\":2,\"name\":\"Versand &#038; Zahlung\"}]},{\"@type\":\"WebSite\",\"@id\":\"https:\/\/www.mariazell-wienerwald.at\/#website\",\"url\":\"https:\/\/www.mariazell-wienerwald.at\/\",\"name\":\"Mariazell im Wienerwald\",\"description\":\"\",\"potentialAction\":[{\"@type\":\"SearchAction\",\"target\":{\"@type\":\"EntryPoint\",\"urlTemplate\":\"https:\/\/www.mariazell-wienerwald.at\/?s={search_term_string}\"},\"query-input\":\"required name=search_term_string\"}],\"inLanguage\":\"en-US\"}]}<\/script>\n<!-- \/ Yoast SEO plugin. -->","yoast_head_json":{"title":"Versand & Zahlung - Mariazell im Wienerwald","robots":{"index":"index","follow":"follow","max-snippet":"max-snippet:-1","max-image-preview":"max-image-preview:large","max-video-preview":"max-video-preview:-1"},"canonical":"https:\/\/www.mariazell-wienerwald.at\/en\/klosterladen__trashed\/versand-zahlung\/","og_locale":"en_US","og_type":"article","og_title":"Versand & Zahlung - Mariazell im Wienerwald","og_description":"Versand Wir versenden alle Pakete mit der \u00f6sterreichischen Post. Der Versand erfolgt in der Regel innerhalb von 2-4 Tagen nach Eingang der Bestellung. Versandkosten \u00d6sterreich: 3,90\u20acDeutschland &amp; Schweiz: 6,90\u20ac \u00a0\u00a0 Zahlung im Online Shop Wir bieten alle g\u00e4ngigen Zahlungsmethoden in unserem Onlineshop an. Eine \u00dcbersicht finden Sie auf dieser Seite.Es entstehen f\u00fcr bestimmte Zahlungsmethoden keine [&hellip;]","og_url":"https:\/\/www.mariazell-wienerwald.at\/en\/klosterladen__trashed\/versand-zahlung\/","og_site_name":"Mariazell im Wienerwald","article_modified_time":"2020-07-08T15:10:00+00:00","og_image":[{"url":"https:\/\/www.mariazell-wienerwald.at\/wp-content\/uploads\/2020\/07\/Artboard-1-300x53.png"}],"twitter_card":"summary_large_image","schema":{"@context":"https:\/\/schema.org","@graph":[{"@type":"WebPage","@id":"https:\/\/www.mariazell-wienerwald.at\/klosterladen__trashed\/versand-zahlung\/","url":"https:\/\/www.mariazell-wienerwald.at\/klosterladen__trashed\/versand-zahlung\/","name":"Versand & Zahlung - Mariazell im Wienerwald","isPartOf":{"@id":"https:\/\/www.mariazell-wienerwald.at\/#website"},"primaryImageOfPage":{"@id":"https:\/\/www.mariazell-wienerwald.at\/klosterladen__trashed\/versand-zahlung\/#primaryimage"},"image":{"@id":"https:\/\/www.mariazell-wienerwald.at\/klosterladen__trashed\/versand-zahlung\/#primaryimage"},"thumbnailUrl":"https:\/\/www.mariazell-wienerwald.at\/wp-content\/uploads\/2020\/07\/Artboard-1-300x53.png","datePublished":"2020-07-08T15:04:58+00:00","dateModified":"2020-07-08T15:10:00+00:00","breadcrumb":{"@id":"https:\/\/www.mariazell-wienerwald.at\/klosterladen__trashed\/versand-zahlung\/#breadcrumb"},"inLanguage":"en-US","potentialAction":[{"@type":"ReadAction","target":["https:\/\/www.mariazell-wienerwald.at\/klosterladen__trashed\/versand-zahlung\/"]}]},{"@type":"ImageObject","inLanguage":"en-US","@id":"https:\/\/www.mariazell-wienerwald.at\/klosterladen__trashed\/versand-zahlung\/#primaryimage","url":"https:\/\/www.mariazell-wienerwald.at\/wp-content\/uploads\/2020\/07\/Artboard-1-300x53.png","contentUrl":"https:\/\/www.mariazell-wienerwald.at\/wp-content\/uploads\/2020\/07\/Artboard-1-300x53.png"},{"@type":"BreadcrumbList","@id":"https:\/\/www.mariazell-wienerwald.at\/klosterladen__trashed\/versand-zahlung\/#breadcrumb","itemListElement":[{"@type":"ListItem","position":1,"name":"Startseite","item":"https:\/\/www.mariazell-wienerwald.at\/"},{"@type":"ListItem","position":2,"name":"Versand &#038; Zahlung"}]},{"@type":"WebSite","@id":"https:\/\/www.mariazell-wienerwald.at\/#website","url":"https:\/\/www.mariazell-wienerwald.at\/","name":"Mariazell im Wienerwald","description":"","potentialAction":[{"@type":"SearchAction","target":{"@type":"EntryPoint","urlTemplate":"https:\/\/www.mariazell-wienerwald.at\/?s={search_term_string}"},"query-input":"required name=search_term_string"}],"inLanguage":"en-US"}]}},"_links":{"self":[{"href":"https:\/\/www.mariazell-wienerwald.at\/en\/wp-json\/wp\/v2\/pages\/3169"}],"collection":[{"href":"https:\/\/www.mariazell-wienerwald.at\/en\/wp-json\/wp\/v2\/pages"}],"about":[{"href":"https:\/\/www.mariazell-wienerwald.at\/en\/wp-json\/wp\/v2\/types\/page"}],"author":[{"embeddable":true,"href":"https:\/\/www.mariazell-wienerwald.at\/en\/wp-json\/wp\/v2\/users\/1"}],"replies":[{"embeddable":true,"href":"https:\/\/www.mariazell-wienerwald.at\/en\/wp-json\/wp\/v2\/comments?post=3169"}],"version-history":[{"count":4,"href":"https:\/\/www.mariazell-wienerwald.at\/en\/wp-json\/wp\/v2\/pages\/3169\/revisions"}],"predecessor-version":[{"id":3176,"href":"https:\/\/www.mariazell-wienerwald.at\/en\/wp-json\/wp\/v2\/pages\/3169\/revisions\/3176"}],"wp:attachment":[{"href":"https:\/\/www.mariazell-wienerwald.at\/en\/wp-json\/wp\/v2\/media?parent=3169"}],"curies":[{"name":"wp","href":"https:\/\/api.w.org\/{rel}","templated":true}]}}