{"id":6161,"date":"2024-04-07T20:34:50","date_gmt":"2024-04-07T18:34:50","guid":{"rendered":"https:\/\/www.mariazell-wienerwald.at\/?page_id=6161"},"modified":"2025-05-11T17:32:49","modified_gmt":"2025-05-11T15:32:49","slug":"stiftskeller-preise","status":"publish","type":"page","link":"https:\/\/www.mariazell-wienerwald.at\/en\/stiftskeller-preise\/","title":{"rendered":"Stiftskeller: Preise"},"content":{"rendered":"<p>&nbsp;<\/p>\n<h1><strong>Stiftskeller \u2013 Preise*<\/strong><\/h1>\n<p>&nbsp;<\/p>\n<h3><strong><a href=\"https:\/\/www.mariazell-wienerwald.at\/en\/stitskeller-anfrage-stellen\/\" target=\"_blank\" rel=\"noopener\">ANFRAGE<\/a>\u00a0 &#8211; <\/strong><a href=\"https:\/\/www.mariazell-wienerwald.at\/en\/stiftskeller-raeumlichkeiten\/\"><strong>R\u00c4UMLICHKEITEN<\/strong><\/a><\/h3>\n<p>&nbsp;<\/p>\n<table style=\"height: 3034px;\" width=\"655\">\n<tbody>\n<tr>\n<td width=\"113\"><\/td>\n<td width=\"151\"><\/td>\n<td width=\"153\"><\/td>\n<td width=\"94\"><em>Tagesmiete<\/em><\/td>\n<td width=\"94\">inkl. USt.<\/td>\n<\/tr>\n<tr>\n<td colspan=\"2\" width=\"265\"><strong>Uuntergescho\u00df (Gro\u00dfes Gew\u00f6lbe, Foyer, Sanit\u00e4r)<\/strong><\/td>\n<td width=\"153\"><\/td>\n<td width=\"94\"><\/td>\n<td width=\"94\"><\/td>\n<\/tr>\n<tr>\n<td width=\"113\"><\/td>\n<td width=\"151\">inkl. M\u00f6blierung (Tische, Sessel)<\/td>\n<td width=\"153\"><\/td>\n<td width=\"94\">450<\/td>\n<td width=\"94\">EUR<\/td>\n<\/tr>\n<tr>\n<td width=\"113\"><\/td>\n<td width=\"151\"><\/td>\n<td width=\"153\"><\/td>\n<td width=\"94\"><\/td>\n<td width=\"94\"><\/td>\n<\/tr>\n<tr>\n<td colspan=\"2\" width=\"265\"><strong>OG Seminarraum<\/strong><\/td>\n<td width=\"153\"><\/td>\n<td width=\"94\"><\/td>\n<td width=\"94\"><\/td>\n<\/tr>\n<tr>\n<td width=\"113\"><\/td>\n<td width=\"151\">inkl. M\u00f6bel und AV<\/td>\n<td width=\"153\"><\/td>\n<td width=\"94\">120<\/td>\n<td width=\"94\">EUR<\/td>\n<\/tr>\n<tr>\n<td width=\"113\"><\/td>\n<td width=\"151\"><\/td>\n<td width=\"153\"><\/td>\n<td width=\"94\"><\/td>\n<td width=\"94\"><\/td>\n<\/tr>\n<tr>\n<td width=\"113\"><strong>OG Foyer<\/strong><\/td>\n<td width=\"151\"><\/td>\n<td width=\"153\"><\/td>\n<td width=\"94\"><\/td>\n<td width=\"94\"><\/td>\n<\/tr>\n<tr>\n<td width=\"113\"><\/td>\n<td width=\"151\">inkl. M\u00f6bel und AV<\/td>\n<td width=\"153\"><\/td>\n<td width=\"94\">120<\/td>\n<td width=\"94\">EUR<\/td>\n<\/tr>\n<tr>\n<td width=\"113\"><\/td>\n<td width=\"151\"><\/td>\n<td width=\"153\"><\/td>\n<td width=\"94\"><\/td>\n<td width=\"94\"><\/td>\n<\/tr>\n<tr>\n<td colspan=\"2\" width=\"265\"><strong>OG Stiftergew\u00f6lbe<\/strong><\/td>\n<td width=\"153\"><\/td>\n<td width=\"94\"><\/td>\n<td width=\"94\"><\/td>\n<\/tr>\n<tr>\n<td width=\"113\"><\/td>\n<td width=\"151\">inkl. M\u00f6bel und AV<\/td>\n<td width=\"153\"><\/td>\n<td width=\"94\">200<\/td>\n<td width=\"94\">EUR<\/td>\n<\/tr>\n<tr>\n<td width=\"113\"><\/td>\n<td width=\"151\"><\/td>\n<td width=\"153\"><\/td>\n<td width=\"94\"><\/td>\n<td width=\"94\"><\/td>\n<\/tr>\n<tr>\n<td width=\"113\"><strong>OG Terrasse<\/strong><\/td>\n<td width=\"151\"><\/td>\n<td width=\"153\"><\/td>\n<td width=\"94\"><\/td>\n<td width=\"94\"><\/td>\n<\/tr>\n<tr>\n<td width=\"113\"><\/td>\n<td colspan=\"2\" width=\"304\">inkl. M\u00f6bel<\/td>\n<td width=\"94\">150<\/td>\n<td width=\"94\">EUR<\/td>\n<\/tr>\n<tr>\n<td width=\"113\"><\/td>\n<td colspan=\"2\" width=\"304\"><\/td>\n<td width=\"94\"><\/td>\n<td width=\"94\"><\/td>\n<\/tr>\n<tr>\n<td width=\"113\"><strong>Zusatzoptionen<\/strong><\/td>\n<td colspan=\"2\" width=\"304\"><strong>AV-Ger\u00e4te,\u00a0 Tischt\u00fccher, Geschirr, Sonnenschirme, Festzelt, Hussen, Tischdekoration, etc.<\/strong><\/td>\n<td width=\"94\">auf Anfrage<\/td>\n<td width=\"94\"><\/td>\n<\/tr>\n<tr>\n<td width=\"113\"><\/td>\n<td colspan=\"2\" width=\"304\"><\/td>\n<td width=\"94\"><\/td>\n<td width=\"94\"><\/td>\n<\/tr>\n<tr>\n<td width=\"113\"><strong>Cateringpartner<\/strong><\/td>\n<td colspan=\"2\" width=\"304\"><strong>\u00a0<\/strong><\/td>\n<td width=\"94\"><\/td>\n<td width=\"94\"><\/td>\n<\/tr>\n<tr>\n<td width=\"113\"><\/td>\n<td colspan=\"2\" width=\"304\"><a href=\"https:\/\/www.stiftstaverne-kleinmariazell.at\/\" target=\"_blank\" rel=\"noopener\">Stiftstaverne Klein-Mariazell<\/a><\/td>\n<td width=\"94\"><\/td>\n<td width=\"94\"><\/td>\n<\/tr>\n<tr>\n<td width=\"113\"><\/td>\n<td colspan=\"2\" width=\"304\"><a href=\"https:\/\/www.bluemcatering.com\/\" target=\"_blank\" rel=\"noopener\">Bluemcatering (vegan)<\/a><\/td>\n<td width=\"94\"><\/td>\n<td width=\"94\"><\/td>\n<\/tr>\n<tr>\n<td width=\"113\"><\/td>\n<td colspan=\"2\" width=\"304\"><a href=\"https:\/\/stangl-event.at\/\" target=\"_blank\" rel=\"noopener\">Stangl\u00b4s<\/a><\/td>\n<td width=\"94\"><\/td>\n<td width=\"94\"><\/td>\n<\/tr>\n<tr>\n<td width=\"113\"><\/td>\n<td width=\"151\"><\/td>\n<td width=\"153\"><\/td>\n<td width=\"94\"><\/td>\n<td width=\"94\"><\/td>\n<\/tr>\n<tr>\n<td colspan=\"4\" width=\"511\"><em>*Alle Preise inkl. USt., Sanit\u00e4rben\u00fctzung, Strom, Heizung und Wasser.<\/em><\/td>\n<td width=\"94\"><\/td>\n<\/tr>\n<tr>\n<td colspan=\"2\" width=\"265\"><em>* zzgl. Endreinigung (UG: EUR 160, OG: EUR 80)<\/em><\/td>\n<td width=\"153\"><\/td>\n<td width=\"94\"><\/td>\n<td width=\"94\"><\/td>\n<\/tr>\n<tr>\n<td colspan=\"5\" width=\"605\"><em>*Spezielle Vorbereitungsarbeiten des Vermieters werden nach tats\u00e4chlichem Zeitaufwand abgerechnet.<\/em><\/td>\n<\/tr>\n<tr>\n<td width=\"113\"><\/td>\n<td width=\"151\"><\/td>\n<td width=\"153\"><\/td>\n<td width=\"94\"><\/td>\n<td width=\"94\"><\/td>\n<\/tr>\n<tr>\n<td colspan=\"2\" width=\"265\"><strong>Erm\u00e4\u00dfigungen:<\/strong><\/td>\n<td width=\"153\"><\/td>\n<td width=\"94\"><\/td>\n<td width=\"94\"><\/td>\n<\/tr>\n<tr>\n<td width=\"113\"><\/td>\n<td colspan=\"2\" width=\"304\">&nbsp;<\/p>\n<p>Ordentliche Mitglieder 10%<\/td>\n<td width=\"94\"><\/td>\n<td width=\"94\"><\/td>\n<\/tr>\n<tr>\n<td width=\"113\"><\/td>\n<td colspan=\"4\" width=\"491\">F\u00f6rdernde Mitglieder, Stifter Kat. IV, Firmenpartner Zoller 30%<\/td>\n<\/tr>\n<tr>\n<td width=\"113\"><\/td>\n<td colspan=\"2\" width=\"304\">Stifter Kat. III, Firmenpartner Moll 100% einmal pro Jahr, ansonsten 40%<\/td>\n<td width=\"94\"><\/td>\n<td width=\"94\"><\/td>\n<\/tr>\n<tr>\n<td width=\"113\"><\/td>\n<td colspan=\"2\" width=\"304\">Stifter Kat. II, Firmenpartner Mildorfer 100% einmal pro Jahr, ansonsten 50%<\/td>\n<td width=\"94\"><\/td>\n<td width=\"94\"><\/td>\n<\/tr>\n<tr>\n<td width=\"113\"><\/td>\n<td colspan=\"2\" width=\"304\">Stifter Kat. I, Firmenpartner Bergl 100%, 100% zweimal pro Jahr, ansonsten 80%<\/td>\n<td width=\"94\"><\/td>\n<td width=\"94\"><\/td>\n<\/tr>\n<\/tbody>\n<\/table>\n<p>&nbsp;<\/p>","protected":false},"excerpt":{"rendered":"<p>&nbsp; Stiftskeller \u2013 Preise* &nbsp; ANFRAGE\u00a0 &#8211; R\u00c4UMLICHKEITEN &nbsp; Tagesmiete inkl. USt. Uuntergescho\u00df (Gro\u00dfes Gew\u00f6lbe, Foyer, Sanit\u00e4r) inkl. M\u00f6blierung (Tische, Sessel) 450 EUR OG Seminarraum inkl. M\u00f6bel und AV 120 EUR OG Foyer inkl. M\u00f6bel und AV 120 EUR OG Stiftergew\u00f6lbe inkl. M\u00f6bel und AV 200 EUR OG Terrasse inkl. M\u00f6bel 150 EUR Zusatzoptionen AV-Ger\u00e4te,\u00a0 [&hellip;]<\/p>","protected":false},"author":3,"featured_media":0,"parent":0,"menu_order":0,"comment_status":"closed","ping_status":"closed","template":"","meta":{"_acf_changed":false,"footnotes":""},"class_list":["post-6161","page","type-page","status-publish","hentry"],"acf":[],"yoast_head":"<!-- This site is optimized with the Yoast SEO plugin v23.1 - https:\/\/yoast.com\/wordpress\/plugins\/seo\/ -->\n<title>Stiftskeller: Preise - Mariazell im Wienerwald<\/title>\n<meta name=\"robots\" content=\"index, follow, max-snippet:-1, max-image-preview:large, max-video-preview:-1\" \/>\n<link rel=\"canonical\" href=\"https:\/\/www.mariazell-wienerwald.at\/en\/stiftskeller-preise\/\" \/>\n<meta property=\"og:locale\" content=\"en_US\" \/>\n<meta property=\"og:type\" content=\"article\" \/>\n<meta property=\"og:title\" content=\"Stiftskeller: Preise - Mariazell im Wienerwald\" \/>\n<meta property=\"og:description\" content=\"&nbsp; Stiftskeller \u2013 Preise* &nbsp; ANFRAGE\u00a0 &#8211; R\u00c4UMLICHKEITEN &nbsp; Tagesmiete inkl. USt. Uuntergescho\u00df (Gro\u00dfes Gew\u00f6lbe, Foyer, Sanit\u00e4r) inkl. M\u00f6blierung (Tische, Sessel) 450 EUR OG Seminarraum inkl. M\u00f6bel und AV 120 EUR OG Foyer inkl. M\u00f6bel und AV 120 EUR OG Stiftergew\u00f6lbe inkl. M\u00f6bel und AV 200 EUR OG Terrasse inkl. M\u00f6bel 150 EUR Zusatzoptionen AV-Ger\u00e4te,\u00a0 [&hellip;]\" \/>\n<meta property=\"og:url\" content=\"https:\/\/www.mariazell-wienerwald.at\/en\/stiftskeller-preise\/\" \/>\n<meta property=\"og:site_name\" content=\"Mariazell im Wienerwald\" \/>\n<meta property=\"article:modified_time\" content=\"2025-05-11T15:32:49+00:00\" \/>\n<meta name=\"twitter:card\" content=\"summary_large_image\" \/>\n<meta name=\"twitter:label1\" content=\"Est. reading time\" \/>\n\t<meta name=\"twitter:data1\" content=\"1 minute\" \/>\n<script type=\"application\/ld+json\" class=\"yoast-schema-graph\">{\"@context\":\"https:\/\/schema.org\",\"@graph\":[{\"@type\":\"WebPage\",\"@id\":\"https:\/\/www.mariazell-wienerwald.at\/stiftskeller-preise\/\",\"url\":\"https:\/\/www.mariazell-wienerwald.at\/stiftskeller-preise\/\",\"name\":\"Stiftskeller: Preise - Mariazell im Wienerwald\",\"isPartOf\":{\"@id\":\"https:\/\/www.mariazell-wienerwald.at\/#website\"},\"datePublished\":\"2024-04-07T18:34:50+00:00\",\"dateModified\":\"2025-05-11T15:32:49+00:00\",\"breadcrumb\":{\"@id\":\"https:\/\/www.mariazell-wienerwald.at\/stiftskeller-preise\/#breadcrumb\"},\"inLanguage\":\"en-US\",\"potentialAction\":[{\"@type\":\"ReadAction\",\"target\":[\"https:\/\/www.mariazell-wienerwald.at\/stiftskeller-preise\/\"]}]},{\"@type\":\"BreadcrumbList\",\"@id\":\"https:\/\/www.mariazell-wienerwald.at\/stiftskeller-preise\/#breadcrumb\",\"itemListElement\":[{\"@type\":\"ListItem\",\"position\":1,\"name\":\"Startseite\",\"item\":\"https:\/\/www.mariazell-wienerwald.at\/\"},{\"@type\":\"ListItem\",\"position\":2,\"name\":\"Stiftskeller: Preise\"}]},{\"@type\":\"WebSite\",\"@id\":\"https:\/\/www.mariazell-wienerwald.at\/#website\",\"url\":\"https:\/\/www.mariazell-wienerwald.at\/\",\"name\":\"Mariazell im Wienerwald\",\"description\":\"\",\"potentialAction\":[{\"@type\":\"SearchAction\",\"target\":{\"@type\":\"EntryPoint\",\"urlTemplate\":\"https:\/\/www.mariazell-wienerwald.at\/?s={search_term_string}\"},\"query-input\":\"required name=search_term_string\"}],\"inLanguage\":\"en-US\"}]}<\/script>\n<!-- \/ Yoast SEO plugin. -->","yoast_head_json":{"title":"Stiftskeller: Preise - Mariazell im Wienerwald","robots":{"index":"index","follow":"follow","max-snippet":"max-snippet:-1","max-image-preview":"max-image-preview:large","max-video-preview":"max-video-preview:-1"},"canonical":"https:\/\/www.mariazell-wienerwald.at\/en\/stiftskeller-preise\/","og_locale":"en_US","og_type":"article","og_title":"Stiftskeller: Preise - Mariazell im Wienerwald","og_description":"&nbsp; Stiftskeller \u2013 Preise* &nbsp; ANFRAGE\u00a0 &#8211; R\u00c4UMLICHKEITEN &nbsp; Tagesmiete inkl. USt. Uuntergescho\u00df (Gro\u00dfes Gew\u00f6lbe, Foyer, Sanit\u00e4r) inkl. M\u00f6blierung (Tische, Sessel) 450 EUR OG Seminarraum inkl. M\u00f6bel und AV 120 EUR OG Foyer inkl. M\u00f6bel und AV 120 EUR OG Stiftergew\u00f6lbe inkl. M\u00f6bel und AV 200 EUR OG Terrasse inkl. M\u00f6bel 150 EUR Zusatzoptionen AV-Ger\u00e4te,\u00a0 [&hellip;]","og_url":"https:\/\/www.mariazell-wienerwald.at\/en\/stiftskeller-preise\/","og_site_name":"Mariazell im Wienerwald","article_modified_time":"2025-05-11T15:32:49+00:00","twitter_card":"summary_large_image","twitter_misc":{"Est. reading time":"1 minute"},"schema":{"@context":"https:\/\/schema.org","@graph":[{"@type":"WebPage","@id":"https:\/\/www.mariazell-wienerwald.at\/stiftskeller-preise\/","url":"https:\/\/www.mariazell-wienerwald.at\/stiftskeller-preise\/","name":"Stiftskeller: Preise - Mariazell im Wienerwald","isPartOf":{"@id":"https:\/\/www.mariazell-wienerwald.at\/#website"},"datePublished":"2024-04-07T18:34:50+00:00","dateModified":"2025-05-11T15:32:49+00:00","breadcrumb":{"@id":"https:\/\/www.mariazell-wienerwald.at\/stiftskeller-preise\/#breadcrumb"},"inLanguage":"en-US","potentialAction":[{"@type":"ReadAction","target":["https:\/\/www.mariazell-wienerwald.at\/stiftskeller-preise\/"]}]},{"@type":"BreadcrumbList","@id":"https:\/\/www.mariazell-wienerwald.at\/stiftskeller-preise\/#breadcrumb","itemListElement":[{"@type":"ListItem","position":1,"name":"Startseite","item":"https:\/\/www.mariazell-wienerwald.at\/"},{"@type":"ListItem","position":2,"name":"Stiftskeller: Preise"}]},{"@type":"WebSite","@id":"https:\/\/www.mariazell-wienerwald.at\/#website","url":"https:\/\/www.mariazell-wienerwald.at\/","name":"Mariazell im Wienerwald","description":"","potentialAction":[{"@type":"SearchAction","target":{"@type":"EntryPoint","urlTemplate":"https:\/\/www.mariazell-wienerwald.at\/?s={search_term_string}"},"query-input":"required name=search_term_string"}],"inLanguage":"en-US"}]}},"_links":{"self":[{"href":"https:\/\/www.mariazell-wienerwald.at\/en\/wp-json\/wp\/v2\/pages\/6161"}],"collection":[{"href":"https:\/\/www.mariazell-wienerwald.at\/en\/wp-json\/wp\/v2\/pages"}],"about":[{"href":"https:\/\/www.mariazell-wienerwald.at\/en\/wp-json\/wp\/v2\/types\/page"}],"author":[{"embeddable":true,"href":"https:\/\/www.mariazell-wienerwald.at\/en\/wp-json\/wp\/v2\/users\/3"}],"replies":[{"embeddable":true,"href":"https:\/\/www.mariazell-wienerwald.at\/en\/wp-json\/wp\/v2\/comments?post=6161"}],"version-history":[{"count":9,"href":"https:\/\/www.mariazell-wienerwald.at\/en\/wp-json\/wp\/v2\/pages\/6161\/revisions"}],"predecessor-version":[{"id":6538,"href":"https:\/\/www.mariazell-wienerwald.at\/en\/wp-json\/wp\/v2\/pages\/6161\/revisions\/6538"}],"wp:attachment":[{"href":"https:\/\/www.mariazell-wienerwald.at\/en\/wp-json\/wp\/v2\/media?parent=6161"}],"curies":[{"name":"wp","href":"https:\/\/api.w.org\/{rel}","templated":true}]}}