{"id":3027,"date":"2020-07-03T11:18:17","date_gmt":"2020-07-03T09:18:17","guid":{"rendered":"https:\/\/www.mariazell-wienerwald.at\/?post_type=product&#038;p=3027"},"modified":"2020-07-15T19:40:18","modified_gmt":"2020-07-15T17:40:18","slug":"band-1-zwischen-den-zeiten","status":"publish","type":"product","link":"https:\/\/www.mariazell-wienerwald.at\/en\/klosterladen\/produkte-neu\/bucher\/band-1-zwischen-den-zeiten\/","title":{"rendered":"Volume 1: Between the Times"},"content":{"rendered":"","protected":false},"excerpt":{"rendered":"<p><strong>Der leidende <\/strong><strong>Heiland in der Dornau (Thenneberg)<\/strong><\/p>\n<p>mit Bildern von Erich Satran (2014)<\/p>\n<p>hg. von Thomas Aigner und Andreas Gamerith<\/p>\n<p>Die Wallfahrtskirche in der Dornau (Thenneberg) im oberen Triestingtal ist ein relativ sp\u00e4tes, in seiner Art jedoch einzigartiges Zeugnis barocker Fr\u00f6mmigkeit. Gewisserma\u00dfen am Ende der einen und am Anfang der anderen Epoche erbaut, steht sie zwischen den Zeiten: dem von der Gegenreformation gepr\u00e4gten Barock mit all seinen pr\u00e4chtigen Ausformungen und dem aufgekl\u00e4rten, eher n\u00fcchternen Staatskirchentum des Josephinismus.<\/p>\n<p>Das vorliegende Buch entrei\u00dft dieses Kulturdenkmal einer isolierten Sicht und macht die historischen und kunsthistorischen Zusammenh\u00e4nge deutlich. Neben einer Einordnung in den Rahmen des Bauherrn, des Abtes und seines Stiftes in (Klein-) Mariazell in \u00d6sterreich liegt ein Schwerpunkt auf der Er\u00f6rterung der Frage, wie die Fresken zustande kamen und was sie uns sagen m\u00f6chten.<\/p>\n<p><strong>Thomas Aigner, Dr. MAS<\/strong><\/p>\n<p>Direktor des Di\u00f6zesanarchivs St. P\u00f6lten und Pr\u00e4sident des International Centre for Archival Research, zahlreiche Publikationen zur n\u00f6. Kirchengeschichte und aktuellen Fragen des Archivwesens.<\/p>\n<p><strong>\u00a0<\/strong><strong>Andreas Gamerith, Mag.<\/strong><\/p>\n<p>Kustos der Kunstsammlungen des Zisterzienserstiftes Zwettl und Experte f\u00fcr Barockmalerei mit Schwerpunkt Mitteleuropa und Italien. <strong>\u00a0\u00a0<\/strong><\/p>","protected":false},"featured_media":1722,"comment_status":"open","ping_status":"closed","template":"","meta":{"_acf_changed":false},"product_cat":[54],"product_tag":[],"class_list":{"0":"post-3027","1":"product","2":"type-product","3":"status-publish","4":"has-post-thumbnail","6":"product_cat-bucher","8":"first","9":"instock","10":"shipping-taxable","11":"purchasable","12":"product-type-simple"},"acf":[],"yoast_head":"<!-- This site is optimized with the Yoast SEO plugin v23.1 - https:\/\/yoast.com\/wordpress\/plugins\/seo\/ -->\n<title>Band 1: Zwischen den Zeiten - Mariazell im Wienerwald<\/title>\n<meta name=\"robots\" content=\"index, follow, max-snippet:-1, max-image-preview:large, max-video-preview:-1\" \/>\n<link rel=\"canonical\" href=\"http:\/\/www.mariazell-wienerwald.at\/en\/klosterladen\/produkte-neu\/bucher\/band-1-zwischen-den-zeiten\/\" \/>\n<meta property=\"og:locale\" content=\"en_US\" \/>\n<meta property=\"og:type\" content=\"article\" \/>\n<meta property=\"og:title\" content=\"Band 1: Zwischen den Zeiten - Mariazell im Wienerwald\" \/>\n<meta property=\"og:description\" content=\"Der leidende Heiland in der Dornau (Thenneberg)  mit Bildern von Erich Satran (2014)  hg. von Thomas Aigner und Andreas Gamerith  Die Wallfahrtskirche in der Dornau (Thenneberg) im oberen Triestingtal ist ein relativ sp\u00e4tes, in seiner Art jedoch einzigartiges Zeugnis barocker Fr\u00f6mmigkeit. Gewisserma\u00dfen am Ende der einen und am Anfang der anderen Epoche erbaut, steht sie zwischen den Zeiten: dem von der Gegenreformation gepr\u00e4gten Barock mit all seinen pr\u00e4chtigen Ausformungen und dem aufgekl\u00e4rten, eher n\u00fcchternen Staatskirchentum des Josephinismus.  Das vorliegende Buch entrei\u00dft dieses Kulturdenkmal einer isolierten Sicht und macht die historischen und kunsthistorischen Zusammenh\u00e4nge deutlich. Neben einer Einordnung in den Rahmen des Bauherrn, des Abtes und seines Stiftes in (Klein-) Mariazell in \u00d6sterreich liegt ein Schwerpunkt auf der Er\u00f6rterung der Frage, wie die Fresken zustande kamen und was sie uns sagen m\u00f6chten.  Thomas Aigner, Dr. MAS  Direktor des Di\u00f6zesanarchivs St. P\u00f6lten und Pr\u00e4sident des International Centre for Archival Research, zahlreiche Publikationen zur n\u00f6. Kirchengeschichte und aktuellen Fragen des Archivwesens.  \u00a0Andreas Gamerith, Mag.  Kustos der Kunstsammlungen des Zisterzienserstiftes Zwettl und Experte f\u00fcr Barockmalerei mit Schwerpunkt Mitteleuropa und Italien. \u00a0\u00a0\" \/>\n<meta property=\"og:url\" content=\"http:\/\/www.mariazell-wienerwald.at\/en\/klosterladen\/produkte-neu\/bucher\/band-1-zwischen-den-zeiten\/\" \/>\n<meta property=\"og:site_name\" content=\"Mariazell im Wienerwald\" \/>\n<meta property=\"article:modified_time\" content=\"2020-07-15T17:40:18+00:00\" \/>\n<meta property=\"og:image\" content=\"https:\/\/www.mariazell-wienerwald.at\/wp-content\/uploads\/2020\/04\/Dornau_Cover.jpg\" \/>\n\t<meta property=\"og:image:width\" content=\"273\" \/>\n\t<meta property=\"og:image:height\" content=\"270\" \/>\n\t<meta property=\"og:image:type\" content=\"image\/jpeg\" \/>\n<meta name=\"twitter:card\" content=\"summary_large_image\" \/>\n<script type=\"application\/ld+json\" class=\"yoast-schema-graph\">{\"@context\":\"https:\/\/schema.org\",\"@graph\":[{\"@type\":\"WebPage\",\"@id\":\"http:\/\/www.mariazell-wienerwald.at\/en\/klosterladen\/produkte-neu\/bucher\/band-1-zwischen-den-zeiten\/\",\"url\":\"http:\/\/www.mariazell-wienerwald.at\/en\/klosterladen\/produkte-neu\/bucher\/band-1-zwischen-den-zeiten\/\",\"name\":\"Band 1: Zwischen den Zeiten - Mariazell im Wienerwald\",\"isPartOf\":{\"@id\":\"https:\/\/www.mariazell-wienerwald.at\/#website\"},\"primaryImageOfPage\":{\"@id\":\"http:\/\/www.mariazell-wienerwald.at\/en\/klosterladen\/produkte-neu\/bucher\/band-1-zwischen-den-zeiten\/#primaryimage\"},\"image\":{\"@id\":\"http:\/\/www.mariazell-wienerwald.at\/en\/klosterladen\/produkte-neu\/bucher\/band-1-zwischen-den-zeiten\/#primaryimage\"},\"thumbnailUrl\":\"https:\/\/www.mariazell-wienerwald.at\/wp-content\/uploads\/2020\/04\/Dornau_Cover.jpg\",\"datePublished\":\"2020-07-03T09:18:17+00:00\",\"dateModified\":\"2020-07-15T17:40:18+00:00\",\"breadcrumb\":{\"@id\":\"http:\/\/www.mariazell-wienerwald.at\/en\/klosterladen\/produkte-neu\/bucher\/band-1-zwischen-den-zeiten\/#breadcrumb\"},\"inLanguage\":\"en-US\",\"potentialAction\":[{\"@type\":\"ReadAction\",\"target\":[\"http:\/\/www.mariazell-wienerwald.at\/en\/klosterladen\/produkte-neu\/bucher\/band-1-zwischen-den-zeiten\/\"]}]},{\"@type\":\"ImageObject\",\"inLanguage\":\"en-US\",\"@id\":\"http:\/\/www.mariazell-wienerwald.at\/en\/klosterladen\/produkte-neu\/bucher\/band-1-zwischen-den-zeiten\/#primaryimage\",\"url\":\"https:\/\/www.mariazell-wienerwald.at\/wp-content\/uploads\/2020\/04\/Dornau_Cover.jpg\",\"contentUrl\":\"https:\/\/www.mariazell-wienerwald.at\/wp-content\/uploads\/2020\/04\/Dornau_Cover.jpg\",\"width\":273,\"height\":270},{\"@type\":\"BreadcrumbList\",\"@id\":\"http:\/\/www.mariazell-wienerwald.at\/en\/klosterladen\/produkte-neu\/bucher\/band-1-zwischen-den-zeiten\/#breadcrumb\",\"itemListElement\":[{\"@type\":\"ListItem\",\"position\":1,\"name\":\"Startseite\",\"item\":\"https:\/\/www.mariazell-wienerwald.at\/\"},{\"@type\":\"ListItem\",\"position\":2,\"name\":\"Produkte\",\"item\":\"https:\/\/www.mariazell-wienerwald.at\/klosterladen__trashed\/produkte\/\"},{\"@type\":\"ListItem\",\"position\":3,\"name\":\"Band 1: Zwischen den Zeiten\"}]},{\"@type\":\"WebSite\",\"@id\":\"https:\/\/www.mariazell-wienerwald.at\/#website\",\"url\":\"https:\/\/www.mariazell-wienerwald.at\/\",\"name\":\"Mariazell im Wienerwald\",\"description\":\"\",\"potentialAction\":[{\"@type\":\"SearchAction\",\"target\":{\"@type\":\"EntryPoint\",\"urlTemplate\":\"https:\/\/www.mariazell-wienerwald.at\/?s={search_term_string}\"},\"query-input\":\"required name=search_term_string\"}],\"inLanguage\":\"en-US\"}]}<\/script>\n<!-- \/ Yoast SEO plugin. -->","yoast_head_json":{"title":"Band 1: Zwischen den Zeiten - Mariazell im Wienerwald","robots":{"index":"index","follow":"follow","max-snippet":"max-snippet:-1","max-image-preview":"max-image-preview:large","max-video-preview":"max-video-preview:-1"},"canonical":"http:\/\/www.mariazell-wienerwald.at\/en\/klosterladen\/produkte-neu\/bucher\/band-1-zwischen-den-zeiten\/","og_locale":"en_US","og_type":"article","og_title":"Band 1: Zwischen den Zeiten - Mariazell im Wienerwald","og_description":"Der leidende Heiland in der Dornau (Thenneberg)  mit Bildern von Erich Satran (2014)  hg. von Thomas Aigner und Andreas Gamerith  Die Wallfahrtskirche in der Dornau (Thenneberg) im oberen Triestingtal ist ein relativ sp\u00e4tes, in seiner Art jedoch einzigartiges Zeugnis barocker Fr\u00f6mmigkeit. Gewisserma\u00dfen am Ende der einen und am Anfang der anderen Epoche erbaut, steht sie zwischen den Zeiten: dem von der Gegenreformation gepr\u00e4gten Barock mit all seinen pr\u00e4chtigen Ausformungen und dem aufgekl\u00e4rten, eher n\u00fcchternen Staatskirchentum des Josephinismus.  Das vorliegende Buch entrei\u00dft dieses Kulturdenkmal einer isolierten Sicht und macht die historischen und kunsthistorischen Zusammenh\u00e4nge deutlich. Neben einer Einordnung in den Rahmen des Bauherrn, des Abtes und seines Stiftes in (Klein-) Mariazell in \u00d6sterreich liegt ein Schwerpunkt auf der Er\u00f6rterung der Frage, wie die Fresken zustande kamen und was sie uns sagen m\u00f6chten.  Thomas Aigner, Dr. MAS  Direktor des Di\u00f6zesanarchivs St. P\u00f6lten und Pr\u00e4sident des International Centre for Archival Research, zahlreiche Publikationen zur n\u00f6. Kirchengeschichte und aktuellen Fragen des Archivwesens.  \u00a0Andreas Gamerith, Mag.  Kustos der Kunstsammlungen des Zisterzienserstiftes Zwettl und Experte f\u00fcr Barockmalerei mit Schwerpunkt Mitteleuropa und Italien. \u00a0\u00a0","og_url":"http:\/\/www.mariazell-wienerwald.at\/en\/klosterladen\/produkte-neu\/bucher\/band-1-zwischen-den-zeiten\/","og_site_name":"Mariazell im Wienerwald","article_modified_time":"2020-07-15T17:40:18+00:00","og_image":[{"width":273,"height":270,"url":"https:\/\/www.mariazell-wienerwald.at\/wp-content\/uploads\/2020\/04\/Dornau_Cover.jpg","type":"image\/jpeg"}],"twitter_card":"summary_large_image","schema":{"@context":"https:\/\/schema.org","@graph":[{"@type":"WebPage","@id":"http:\/\/www.mariazell-wienerwald.at\/en\/klosterladen\/produkte-neu\/bucher\/band-1-zwischen-den-zeiten\/","url":"http:\/\/www.mariazell-wienerwald.at\/en\/klosterladen\/produkte-neu\/bucher\/band-1-zwischen-den-zeiten\/","name":"Band 1: Zwischen den Zeiten - Mariazell im Wienerwald","isPartOf":{"@id":"https:\/\/www.mariazell-wienerwald.at\/#website"},"primaryImageOfPage":{"@id":"http:\/\/www.mariazell-wienerwald.at\/en\/klosterladen\/produkte-neu\/bucher\/band-1-zwischen-den-zeiten\/#primaryimage"},"image":{"@id":"http:\/\/www.mariazell-wienerwald.at\/en\/klosterladen\/produkte-neu\/bucher\/band-1-zwischen-den-zeiten\/#primaryimage"},"thumbnailUrl":"https:\/\/www.mariazell-wienerwald.at\/wp-content\/uploads\/2020\/04\/Dornau_Cover.jpg","datePublished":"2020-07-03T09:18:17+00:00","dateModified":"2020-07-15T17:40:18+00:00","breadcrumb":{"@id":"http:\/\/www.mariazell-wienerwald.at\/en\/klosterladen\/produkte-neu\/bucher\/band-1-zwischen-den-zeiten\/#breadcrumb"},"inLanguage":"en-US","potentialAction":[{"@type":"ReadAction","target":["http:\/\/www.mariazell-wienerwald.at\/en\/klosterladen\/produkte-neu\/bucher\/band-1-zwischen-den-zeiten\/"]}]},{"@type":"ImageObject","inLanguage":"en-US","@id":"http:\/\/www.mariazell-wienerwald.at\/en\/klosterladen\/produkte-neu\/bucher\/band-1-zwischen-den-zeiten\/#primaryimage","url":"https:\/\/www.mariazell-wienerwald.at\/wp-content\/uploads\/2020\/04\/Dornau_Cover.jpg","contentUrl":"https:\/\/www.mariazell-wienerwald.at\/wp-content\/uploads\/2020\/04\/Dornau_Cover.jpg","width":273,"height":270},{"@type":"BreadcrumbList","@id":"http:\/\/www.mariazell-wienerwald.at\/en\/klosterladen\/produkte-neu\/bucher\/band-1-zwischen-den-zeiten\/#breadcrumb","itemListElement":[{"@type":"ListItem","position":1,"name":"Startseite","item":"https:\/\/www.mariazell-wienerwald.at\/"},{"@type":"ListItem","position":2,"name":"Produkte","item":"https:\/\/www.mariazell-wienerwald.at\/klosterladen__trashed\/produkte\/"},{"@type":"ListItem","position":3,"name":"Band 1: Zwischen den Zeiten"}]},{"@type":"WebSite","@id":"https:\/\/www.mariazell-wienerwald.at\/#website","url":"https:\/\/www.mariazell-wienerwald.at\/","name":"Mariazell im Wienerwald","description":"","potentialAction":[{"@type":"SearchAction","target":{"@type":"EntryPoint","urlTemplate":"https:\/\/www.mariazell-wienerwald.at\/?s={search_term_string}"},"query-input":"required name=search_term_string"}],"inLanguage":"en-US"}]}},"_links":{"self":[{"href":"https:\/\/www.mariazell-wienerwald.at\/en\/wp-json\/wp\/v2\/product\/3027"}],"collection":[{"href":"https:\/\/www.mariazell-wienerwald.at\/en\/wp-json\/wp\/v2\/product"}],"about":[{"href":"https:\/\/www.mariazell-wienerwald.at\/en\/wp-json\/wp\/v2\/types\/product"}],"replies":[{"embeddable":true,"href":"https:\/\/www.mariazell-wienerwald.at\/en\/wp-json\/wp\/v2\/comments?post=3027"}],"wp:featuredmedia":[{"embeddable":true,"href":"https:\/\/www.mariazell-wienerwald.at\/en\/wp-json\/wp\/v2\/media\/1722"}],"wp:attachment":[{"href":"https:\/\/www.mariazell-wienerwald.at\/en\/wp-json\/wp\/v2\/media?parent=3027"}],"wp:term":[{"taxonomy":"product_cat","embeddable":true,"href":"https:\/\/www.mariazell-wienerwald.at\/en\/wp-json\/wp\/v2\/product_cat?post=3027"},{"taxonomy":"product_tag","embeddable":true,"href":"https:\/\/www.mariazell-wienerwald.at\/en\/wp-json\/wp\/v2\/product_tag?post=3027"}],"curies":[{"name":"wp","href":"https:\/\/api.w.org\/{rel}","templated":true}]}}