{"id":3028,"date":"2020-07-03T11:19:35","date_gmt":"2020-07-03T09:19:35","guid":{"rendered":"https:\/\/www.mariazell-wienerwald.at\/?post_type=product&#038;p=3028"},"modified":"2020-07-15T19:24:37","modified_gmt":"2020-07-15T17:24:37","slug":"band-2-ostern-1136","status":"publish","type":"product","link":"https:\/\/www.mariazell-wienerwald.at\/en\/klosterladen\/produkte-neu\/bucher\/band-2-ostern-1136\/","title":{"rendered":"Volume 2: Easter 1136"},"content":{"rendered":"","protected":false},"excerpt":{"rendered":"<p><strong>Neue Erkenntnisse zur <\/strong><strong>Gr\u00fcndung von (Klein-) Mariazell in <\/strong><strong>Austria<\/strong><\/p>\n<p>von Erwin Reidinger (2016)<\/p>\n<p>Erwin Reidinger hat sich eingehend mit der astronomischen Orientierung von Kirchenbauten im Mittelalter besch\u00e4ftigt und dabei mit der Arch\u00e4oastronomie einen faszinierenden neuen Forschungsansatz entwickelt, der uns hilft, Lage und Ausrichtung mittelalterlicher Bauten besser zu verstehen und einzuordnen.<br \/>\nIn der vorliegenden Studie hat er diesen auf die ehem. Klosterkirche und heutige Basilika (Klein-)Mariazell angewandt und damit einen wichtigen Baustein zur weiteren Erforschung der Gr\u00fcndungsgeschichte geliefert.<\/p>\n<p><strong>Erwin Reidinger<\/strong><br \/>\nReidinger graduierte nach seiner Matura an der H\u00f6heren Technischen Bundeslehranstalt (HTL) in M\u00f6dling 1968 in Bauingenieurwesen an<br \/>\nder Technischen Universit\u00e4t Wien (Dipl.-Ing.). Von 1968 bis 1974 war er in einem Zivilingenieurb\u00fcro t\u00e4tig. Er war seit 1974 Amtssachverst\u00e4ndiger f\u00fcr Bauwesen und von 1992 bis 2002 Abteilungsleiter im Amt der Nieder\u00f6sterreichischen Landesregierung. 1996 wurde er an der Technischen Universit\u00e4t Graz zum Dr.-techn. promoviert. Reidinger engagiert sich f\u00fcr zahlreiche kultur- und bauhistorische Forschungen und hat verschiedene Schriften dazu vorgelegt.<\/p>","protected":false},"featured_media":1723,"comment_status":"open","ping_status":"closed","template":"","meta":{"_acf_changed":false},"product_cat":[54],"product_tag":[],"class_list":{"0":"post-3028","1":"product","2":"type-product","3":"status-publish","4":"has-post-thumbnail","6":"product_cat-bucher","8":"first","9":"instock","10":"shipping-taxable","11":"purchasable","12":"product-type-simple"},"acf":[],"yoast_head":"<!-- This site is optimized with the Yoast SEO plugin v23.1 - https:\/\/yoast.com\/wordpress\/plugins\/seo\/ -->\n<title>Band 2: Ostern 1136 - Mariazell im Wienerwald<\/title>\n<meta name=\"robots\" content=\"index, follow, max-snippet:-1, max-image-preview:large, max-video-preview:-1\" \/>\n<link rel=\"canonical\" href=\"http:\/\/www.mariazell-wienerwald.at\/en\/klosterladen\/produkte-neu\/bucher\/band-2-ostern-1136\/\" \/>\n<meta property=\"og:locale\" content=\"en_US\" \/>\n<meta property=\"og:type\" content=\"article\" \/>\n<meta property=\"og:title\" content=\"Band 2: Ostern 1136 - Mariazell im Wienerwald\" \/>\n<meta property=\"og:description\" content=\"Neue Erkenntnisse zur Gr\u00fcndung von (Klein-) Mariazell in \u00d6sterreich  von Erwin Reidinger (2016)  Erwin Reidinger hat sich eingehend mit der astronomischen Orientierung von Kirchenbauten im Mittelalter besch\u00e4ftigt und dabei mit der Arch\u00e4oastronomie einen faszinierenden neuen Forschungsansatz entwickelt, der uns hilft, Lage und Ausrichtung mittelalterlicher Bauten besser zu verstehen und einzuordnen. In der vorliegenden Studie hat er diesen auf die ehem. Klosterkirche und heutige Basilika (Klein-)Mariazell angewandt und damit einen wichtigen Baustein zur weiteren Erforschung der Gr\u00fcndungsgeschichte geliefert.  Erwin Reidinger Reidinger graduierte nach seiner Matura an der H\u00f6heren Technischen Bundeslehranstalt (HTL) in M\u00f6dling 1968 in Bauingenieurwesen an der Technischen Universit\u00e4t Wien (Dipl.-Ing.). Von 1968 bis 1974 war er in einem Zivilingenieurb\u00fcro t\u00e4tig. Er war seit 1974 Amtssachverst\u00e4ndiger f\u00fcr Bauwesen und von 1992 bis 2002 Abteilungsleiter im Amt der Nieder\u00f6sterreichischen Landesregierung. 1996 wurde er an der Technischen Universit\u00e4t Graz zum Dr.-techn. promoviert. Reidinger engagiert sich f\u00fcr zahlreiche kultur- und bauhistorische Forschungen und hat verschiedene Schriften dazu vorgelegt.\" \/>\n<meta property=\"og:url\" content=\"http:\/\/www.mariazell-wienerwald.at\/en\/klosterladen\/produkte-neu\/bucher\/band-2-ostern-1136\/\" \/>\n<meta property=\"og:site_name\" content=\"Mariazell im Wienerwald\" \/>\n<meta property=\"article:modified_time\" content=\"2020-07-15T17:24:37+00:00\" \/>\n<meta property=\"og:image\" content=\"https:\/\/www.mariazell-wienerwald.at\/wp-content\/uploads\/2020\/04\/Reidinger_Cover.jpg\" \/>\n\t<meta property=\"og:image:width\" content=\"268\" \/>\n\t<meta property=\"og:image:height\" content=\"271\" \/>\n\t<meta property=\"og:image:type\" content=\"image\/jpeg\" \/>\n<meta name=\"twitter:card\" content=\"summary_large_image\" \/>\n<script type=\"application\/ld+json\" class=\"yoast-schema-graph\">{\"@context\":\"https:\/\/schema.org\",\"@graph\":[{\"@type\":\"WebPage\",\"@id\":\"http:\/\/www.mariazell-wienerwald.at\/en\/klosterladen\/produkte-neu\/bucher\/band-2-ostern-1136\/\",\"url\":\"http:\/\/www.mariazell-wienerwald.at\/en\/klosterladen\/produkte-neu\/bucher\/band-2-ostern-1136\/\",\"name\":\"Band 2: Ostern 1136 - Mariazell im Wienerwald\",\"isPartOf\":{\"@id\":\"https:\/\/www.mariazell-wienerwald.at\/#website\"},\"primaryImageOfPage\":{\"@id\":\"http:\/\/www.mariazell-wienerwald.at\/en\/klosterladen\/produkte-neu\/bucher\/band-2-ostern-1136\/#primaryimage\"},\"image\":{\"@id\":\"http:\/\/www.mariazell-wienerwald.at\/en\/klosterladen\/produkte-neu\/bucher\/band-2-ostern-1136\/#primaryimage\"},\"thumbnailUrl\":\"https:\/\/www.mariazell-wienerwald.at\/wp-content\/uploads\/2020\/04\/Reidinger_Cover.jpg\",\"datePublished\":\"2020-07-03T09:19:35+00:00\",\"dateModified\":\"2020-07-15T17:24:37+00:00\",\"breadcrumb\":{\"@id\":\"http:\/\/www.mariazell-wienerwald.at\/en\/klosterladen\/produkte-neu\/bucher\/band-2-ostern-1136\/#breadcrumb\"},\"inLanguage\":\"en-US\",\"potentialAction\":[{\"@type\":\"ReadAction\",\"target\":[\"http:\/\/www.mariazell-wienerwald.at\/en\/klosterladen\/produkte-neu\/bucher\/band-2-ostern-1136\/\"]}]},{\"@type\":\"ImageObject\",\"inLanguage\":\"en-US\",\"@id\":\"http:\/\/www.mariazell-wienerwald.at\/en\/klosterladen\/produkte-neu\/bucher\/band-2-ostern-1136\/#primaryimage\",\"url\":\"https:\/\/www.mariazell-wienerwald.at\/wp-content\/uploads\/2020\/04\/Reidinger_Cover.jpg\",\"contentUrl\":\"https:\/\/www.mariazell-wienerwald.at\/wp-content\/uploads\/2020\/04\/Reidinger_Cover.jpg\",\"width\":268,\"height\":271},{\"@type\":\"BreadcrumbList\",\"@id\":\"http:\/\/www.mariazell-wienerwald.at\/en\/klosterladen\/produkte-neu\/bucher\/band-2-ostern-1136\/#breadcrumb\",\"itemListElement\":[{\"@type\":\"ListItem\",\"position\":1,\"name\":\"Startseite\",\"item\":\"https:\/\/www.mariazell-wienerwald.at\/\"},{\"@type\":\"ListItem\",\"position\":2,\"name\":\"Produkte\",\"item\":\"https:\/\/www.mariazell-wienerwald.at\/klosterladen__trashed\/produkte\/\"},{\"@type\":\"ListItem\",\"position\":3,\"name\":\"Band 2: Ostern 1136\"}]},{\"@type\":\"WebSite\",\"@id\":\"https:\/\/www.mariazell-wienerwald.at\/#website\",\"url\":\"https:\/\/www.mariazell-wienerwald.at\/\",\"name\":\"Mariazell im Wienerwald\",\"description\":\"\",\"potentialAction\":[{\"@type\":\"SearchAction\",\"target\":{\"@type\":\"EntryPoint\",\"urlTemplate\":\"https:\/\/www.mariazell-wienerwald.at\/?s={search_term_string}\"},\"query-input\":\"required name=search_term_string\"}],\"inLanguage\":\"en-US\"}]}<\/script>\n<!-- \/ Yoast SEO plugin. -->","yoast_head_json":{"title":"Band 2: Ostern 1136 - Mariazell im Wienerwald","robots":{"index":"index","follow":"follow","max-snippet":"max-snippet:-1","max-image-preview":"max-image-preview:large","max-video-preview":"max-video-preview:-1"},"canonical":"http:\/\/www.mariazell-wienerwald.at\/en\/klosterladen\/produkte-neu\/bucher\/band-2-ostern-1136\/","og_locale":"en_US","og_type":"article","og_title":"Band 2: Ostern 1136 - Mariazell im Wienerwald","og_description":"Neue Erkenntnisse zur Gr\u00fcndung von (Klein-) Mariazell in \u00d6sterreich  von Erwin Reidinger (2016)  Erwin Reidinger hat sich eingehend mit der astronomischen Orientierung von Kirchenbauten im Mittelalter besch\u00e4ftigt und dabei mit der Arch\u00e4oastronomie einen faszinierenden neuen Forschungsansatz entwickelt, der uns hilft, Lage und Ausrichtung mittelalterlicher Bauten besser zu verstehen und einzuordnen. In der vorliegenden Studie hat er diesen auf die ehem. Klosterkirche und heutige Basilika (Klein-)Mariazell angewandt und damit einen wichtigen Baustein zur weiteren Erforschung der Gr\u00fcndungsgeschichte geliefert.  Erwin Reidinger Reidinger graduierte nach seiner Matura an der H\u00f6heren Technischen Bundeslehranstalt (HTL) in M\u00f6dling 1968 in Bauingenieurwesen an der Technischen Universit\u00e4t Wien (Dipl.-Ing.). Von 1968 bis 1974 war er in einem Zivilingenieurb\u00fcro t\u00e4tig. Er war seit 1974 Amtssachverst\u00e4ndiger f\u00fcr Bauwesen und von 1992 bis 2002 Abteilungsleiter im Amt der Nieder\u00f6sterreichischen Landesregierung. 1996 wurde er an der Technischen Universit\u00e4t Graz zum Dr.-techn. promoviert. Reidinger engagiert sich f\u00fcr zahlreiche kultur- und bauhistorische Forschungen und hat verschiedene Schriften dazu vorgelegt.","og_url":"http:\/\/www.mariazell-wienerwald.at\/en\/klosterladen\/produkte-neu\/bucher\/band-2-ostern-1136\/","og_site_name":"Mariazell im Wienerwald","article_modified_time":"2020-07-15T17:24:37+00:00","og_image":[{"width":268,"height":271,"url":"https:\/\/www.mariazell-wienerwald.at\/wp-content\/uploads\/2020\/04\/Reidinger_Cover.jpg","type":"image\/jpeg"}],"twitter_card":"summary_large_image","schema":{"@context":"https:\/\/schema.org","@graph":[{"@type":"WebPage","@id":"http:\/\/www.mariazell-wienerwald.at\/en\/klosterladen\/produkte-neu\/bucher\/band-2-ostern-1136\/","url":"http:\/\/www.mariazell-wienerwald.at\/en\/klosterladen\/produkte-neu\/bucher\/band-2-ostern-1136\/","name":"Band 2: Ostern 1136 - Mariazell im Wienerwald","isPartOf":{"@id":"https:\/\/www.mariazell-wienerwald.at\/#website"},"primaryImageOfPage":{"@id":"http:\/\/www.mariazell-wienerwald.at\/en\/klosterladen\/produkte-neu\/bucher\/band-2-ostern-1136\/#primaryimage"},"image":{"@id":"http:\/\/www.mariazell-wienerwald.at\/en\/klosterladen\/produkte-neu\/bucher\/band-2-ostern-1136\/#primaryimage"},"thumbnailUrl":"https:\/\/www.mariazell-wienerwald.at\/wp-content\/uploads\/2020\/04\/Reidinger_Cover.jpg","datePublished":"2020-07-03T09:19:35+00:00","dateModified":"2020-07-15T17:24:37+00:00","breadcrumb":{"@id":"http:\/\/www.mariazell-wienerwald.at\/en\/klosterladen\/produkte-neu\/bucher\/band-2-ostern-1136\/#breadcrumb"},"inLanguage":"en-US","potentialAction":[{"@type":"ReadAction","target":["http:\/\/www.mariazell-wienerwald.at\/en\/klosterladen\/produkte-neu\/bucher\/band-2-ostern-1136\/"]}]},{"@type":"ImageObject","inLanguage":"en-US","@id":"http:\/\/www.mariazell-wienerwald.at\/en\/klosterladen\/produkte-neu\/bucher\/band-2-ostern-1136\/#primaryimage","url":"https:\/\/www.mariazell-wienerwald.at\/wp-content\/uploads\/2020\/04\/Reidinger_Cover.jpg","contentUrl":"https:\/\/www.mariazell-wienerwald.at\/wp-content\/uploads\/2020\/04\/Reidinger_Cover.jpg","width":268,"height":271},{"@type":"BreadcrumbList","@id":"http:\/\/www.mariazell-wienerwald.at\/en\/klosterladen\/produkte-neu\/bucher\/band-2-ostern-1136\/#breadcrumb","itemListElement":[{"@type":"ListItem","position":1,"name":"Startseite","item":"https:\/\/www.mariazell-wienerwald.at\/"},{"@type":"ListItem","position":2,"name":"Produkte","item":"https:\/\/www.mariazell-wienerwald.at\/klosterladen__trashed\/produkte\/"},{"@type":"ListItem","position":3,"name":"Band 2: Ostern 1136"}]},{"@type":"WebSite","@id":"https:\/\/www.mariazell-wienerwald.at\/#website","url":"https:\/\/www.mariazell-wienerwald.at\/","name":"Mariazell im Wienerwald","description":"","potentialAction":[{"@type":"SearchAction","target":{"@type":"EntryPoint","urlTemplate":"https:\/\/www.mariazell-wienerwald.at\/?s={search_term_string}"},"query-input":"required name=search_term_string"}],"inLanguage":"en-US"}]}},"_links":{"self":[{"href":"https:\/\/www.mariazell-wienerwald.at\/en\/wp-json\/wp\/v2\/product\/3028"}],"collection":[{"href":"https:\/\/www.mariazell-wienerwald.at\/en\/wp-json\/wp\/v2\/product"}],"about":[{"href":"https:\/\/www.mariazell-wienerwald.at\/en\/wp-json\/wp\/v2\/types\/product"}],"replies":[{"embeddable":true,"href":"https:\/\/www.mariazell-wienerwald.at\/en\/wp-json\/wp\/v2\/comments?post=3028"}],"wp:featuredmedia":[{"embeddable":true,"href":"https:\/\/www.mariazell-wienerwald.at\/en\/wp-json\/wp\/v2\/media\/1723"}],"wp:attachment":[{"href":"https:\/\/www.mariazell-wienerwald.at\/en\/wp-json\/wp\/v2\/media?parent=3028"}],"wp:term":[{"taxonomy":"product_cat","embeddable":true,"href":"https:\/\/www.mariazell-wienerwald.at\/en\/wp-json\/wp\/v2\/product_cat?post=3028"},{"taxonomy":"product_tag","embeddable":true,"href":"https:\/\/www.mariazell-wienerwald.at\/en\/wp-json\/wp\/v2\/product_tag?post=3028"}],"curies":[{"name":"wp","href":"https:\/\/api.w.org\/{rel}","templated":true}]}}