{"id":3029,"date":"2020-07-03T11:21:04","date_gmt":"2020-07-03T09:21:04","guid":{"rendered":"https:\/\/www.mariazell-wienerwald.at\/?post_type=product&#038;p=3029"},"modified":"2020-07-15T19:38:13","modified_gmt":"2020-07-15T17:38:13","slug":"band-3-die-ehemalige-klosterherrschaft-klein-mariazell","status":"publish","type":"product","link":"https:\/\/www.mariazell-wienerwald.at\/en\/klosterladen\/produkte-neu\/bucher\/band-3-die-ehemalige-klosterherrschaft-klein-mariazell\/","title":{"rendered":"Volume 3: The former monastery rule Klein-Mariazell"},"content":{"rendered":"","protected":false},"excerpt":{"rendered":"<p>Ein<strong> land- und forstwirtschaftliches Gut zwischen<\/strong><br \/>\n<strong>Vorm\u00e4rz und Gegenwart<\/strong><\/p>\n<p>von Stefan Smidt und Thomas Aigner (2018)<\/p>\n<p>Die Gr\u00fcndung des Benediktinerstiftes (Klein-) Mariazell in \u00d6sterreich im oberen Triestingtal zu Beginn des 12. Jahrhunderts<br \/>\nmarkiert einen grundlegenden Wendepunkt der zivilisatorischen Entwicklung dieser Gegend, der bis in die Gegenwart<br \/>\nnachwirkt. Nach einer bewegten Geschichte wurde das Kloster 1782 aufgehoben und im 19. Jahrhundert schlie\u00dflich privatisiert. Seither war die ehem. Klosterherrschaft bzw. das verbliebene land- und forstwirtschaftliche Gut Schauplatz einer wechselvollen Geschichte, die bestimmt wird von der Aufhebung der Grundherrschaft 1848, den beiden Weltkriegen, aber auch von verschiedenen nat\u00fcrlichen Einfl\u00fcssen wie<br \/>\nBorken k\u00e4ferbefall, Hochwasser und Eisbruch. Gegenst\u00e4ndliches Buch zeichnet exemplarisch das Schicksal eines ehem. Klostergutes nach und widmet sich verschiedensten historischen, land- und forstwirtschaftlichen Aspekten. Es schreibt somit die Geschichte des aufgehobenen Stiftes in anderer Form bis in die Gegenwart weiter.<\/p>\n<p><strong>Stefan Smidt<\/strong><br \/>\nGeboren 1948 in Wien, Studium der Lebensmittel- und G\u00e4rungstechnik sowie Dissertation an der Universit\u00e4t f\u00fcr Bodenkultur Wien, sp\u00e4ter Habilitation an der Technischen Universit\u00e4t Wien. Von 1975 bis 2011 wissenschaftlicher Mitarbeiter am Bundesforschungs- und Ausbildungszentrum f\u00fcr Wald, Naturgefahren und Landschaft in Wien mit dem Arbeitsgebiet Immissions\u00f6kologie.<br \/>\nMitglied der Kommission Reinhaltung der Luft der \u00d6sterreichischen Akademie der Wissenschaften. Immissions\u00f6kologische Vorlesungen an der Technischen Universit\u00e4t Wien, der Universit\u00e4t Wien und der Universit\u00e4t Graz. 1993 bis dato Leiter der Forstverwaltung Kleinmariazell in N\u00d6.<\/p>\n<p><strong>Thomas Aigner<\/strong><br \/>\nGeboren 1973 in M\u00f6dling, besch\u00e4ftigt sich schon seit fr\u00fchester Jugend intensiv mit der Geschichte des oberen Triestingtals, insbesondere jener des ehem. Stiftes (Klein-) Mariazell in \u00d6sterreich. Mehr als 80 Publikationen zu landesgeschichtlichen und archivwissenschaftlichen Themen, seit 1995 Direktor des Di\u00f6zesanarchivs St. P\u00f6lten, seit 2008 Pr\u00e4sident des Internationalen Zentrums f\u00fcr Archivforschung (ICARUS), seit 2015 Pr\u00e4sident der Gesellschaft f\u00fcr Kultur, Tourismus und Denkmalpfl ege im oberen Triestingtal, Tr\u00e4ger zahlreicher in- und ausl\u00e4ndischer Auszeichnungen.<\/p>","protected":false},"featured_media":1724,"comment_status":"open","ping_status":"closed","template":"","meta":{"_acf_changed":false},"product_cat":[54],"product_tag":[],"class_list":{"0":"post-3029","1":"product","2":"type-product","3":"status-publish","4":"has-post-thumbnail","6":"product_cat-bucher","8":"first","9":"instock","10":"shipping-taxable","11":"purchasable","12":"product-type-simple"},"acf":[],"yoast_head":"<!-- This site is optimized with the Yoast SEO plugin v23.1 - https:\/\/yoast.com\/wordpress\/plugins\/seo\/ -->\n<title>Band 3: Die ehemalige Klosterherrschaft Klein-Mariazell - Mariazell im Wienerwald<\/title>\n<meta name=\"robots\" content=\"index, follow, max-snippet:-1, max-image-preview:large, max-video-preview:-1\" \/>\n<link rel=\"canonical\" href=\"http:\/\/www.mariazell-wienerwald.at\/en\/klosterladen\/produkte-neu\/bucher\/band-3-die-ehemalige-klosterherrschaft-klein-mariazell\/\" \/>\n<meta property=\"og:locale\" content=\"en_US\" \/>\n<meta property=\"og:type\" content=\"article\" \/>\n<meta property=\"og:title\" content=\"Band 3: Die ehemalige Klosterherrschaft Klein-Mariazell - Mariazell im Wienerwald\" \/>\n<meta property=\"og:description\" content=\"Ein land- und forstwirtschaftliches Gut zwischen Vorm\u00e4rz und Gegenwart  von Stefan Smidt und Thomas Aigner (2018)  Die Gr\u00fcndung des Benediktinerstiftes (Klein-) Mariazell in \u00d6sterreich im oberen Triestingtal zu Beginn des 12. Jahrhunderts markiert einen grundlegenden Wendepunkt der zivilisatorischen Entwicklung dieser Gegend, der bis in die Gegenwart nachwirkt. Nach einer bewegten Geschichte wurde das Kloster 1782 aufgehoben und im 19. Jahrhundert schlie\u00dflich privatisiert. Seither war die ehem. Klosterherrschaft bzw. das verbliebene land- und forstwirtschaftliche Gut Schauplatz einer wechselvollen Geschichte, die bestimmt wird von der Aufhebung der Grundherrschaft 1848, den beiden Weltkriegen, aber auch von verschiedenen nat\u00fcrlichen Einfl\u00fcssen wie Borken k\u00e4ferbefall, Hochwasser und Eisbruch. Gegenst\u00e4ndliches Buch zeichnet exemplarisch das Schicksal eines ehem. Klostergutes nach und widmet sich verschiedensten historischen, land- und forstwirtschaftlichen Aspekten. Es schreibt somit die Geschichte des aufgehobenen Stiftes in anderer Form bis in die Gegenwart weiter.  Stefan Smidt Geboren 1948 in Wien, Studium der Lebensmittel- und G\u00e4rungstechnik sowie Dissertation an der Universit\u00e4t f\u00fcr Bodenkultur Wien, sp\u00e4ter Habilitation an der Technischen Universit\u00e4t Wien. Von 1975 bis 2011 wissenschaftlicher Mitarbeiter am Bundesforschungs- und Ausbildungszentrum f\u00fcr Wald, Naturgefahren und Landschaft in Wien mit dem Arbeitsgebiet Immissions\u00f6kologie. Mitglied der Kommission Reinhaltung der Luft der \u00d6sterreichischen Akademie der Wissenschaften. Immissions\u00f6kologische Vorlesungen an der Technischen Universit\u00e4t Wien, der Universit\u00e4t Wien und der Universit\u00e4t Graz. 1993 bis dato Leiter der Forstverwaltung Kleinmariazell in N\u00d6.  Thomas Aigner Geboren 1973 in M\u00f6dling, besch\u00e4ftigt sich schon seit fr\u00fchester Jugend intensiv mit der Geschichte des oberen Triestingtals, insbesondere jener des ehem. Stiftes (Klein-) Mariazell in \u00d6sterreich. Mehr als 80 Publikationen zu landesgeschichtlichen und archivwissenschaftlichen Themen, seit 1995 Direktor des Di\u00f6zesanarchivs St. P\u00f6lten, seit 2008 Pr\u00e4sident des Internationalen Zentrums f\u00fcr Archivforschung (ICARUS), seit 2015 Pr\u00e4sident der Gesellschaft f\u00fcr Kultur, Tourismus und Denkmalpfl ege im oberen Triestingtal, Tr\u00e4ger zahlreicher in- und ausl\u00e4ndischer Auszeichnungen.\" \/>\n<meta property=\"og:url\" content=\"http:\/\/www.mariazell-wienerwald.at\/en\/klosterladen\/produkte-neu\/bucher\/band-3-die-ehemalige-klosterherrschaft-klein-mariazell\/\" \/>\n<meta property=\"og:site_name\" content=\"Mariazell im Wienerwald\" \/>\n<meta property=\"article:modified_time\" content=\"2020-07-15T17:38:13+00:00\" \/>\n<meta property=\"og:image\" content=\"https:\/\/www.mariazell-wienerwald.at\/wp-content\/uploads\/2020\/04\/Smidt_Cover-300x300-1.jpg\" \/>\n\t<meta property=\"og:image:width\" content=\"300\" \/>\n\t<meta property=\"og:image:height\" content=\"300\" \/>\n\t<meta property=\"og:image:type\" content=\"image\/jpeg\" \/>\n<meta name=\"twitter:card\" content=\"summary_large_image\" \/>\n<script type=\"application\/ld+json\" class=\"yoast-schema-graph\">{\"@context\":\"https:\/\/schema.org\",\"@graph\":[{\"@type\":\"WebPage\",\"@id\":\"http:\/\/www.mariazell-wienerwald.at\/en\/klosterladen\/produkte-neu\/bucher\/band-3-die-ehemalige-klosterherrschaft-klein-mariazell\/\",\"url\":\"http:\/\/www.mariazell-wienerwald.at\/en\/klosterladen\/produkte-neu\/bucher\/band-3-die-ehemalige-klosterherrschaft-klein-mariazell\/\",\"name\":\"Band 3: Die ehemalige Klosterherrschaft Klein-Mariazell - Mariazell im Wienerwald\",\"isPartOf\":{\"@id\":\"https:\/\/www.mariazell-wienerwald.at\/#website\"},\"primaryImageOfPage\":{\"@id\":\"http:\/\/www.mariazell-wienerwald.at\/en\/klosterladen\/produkte-neu\/bucher\/band-3-die-ehemalige-klosterherrschaft-klein-mariazell\/#primaryimage\"},\"image\":{\"@id\":\"http:\/\/www.mariazell-wienerwald.at\/en\/klosterladen\/produkte-neu\/bucher\/band-3-die-ehemalige-klosterherrschaft-klein-mariazell\/#primaryimage\"},\"thumbnailUrl\":\"https:\/\/www.mariazell-wienerwald.at\/wp-content\/uploads\/2020\/04\/Smidt_Cover-300x300-1.jpg\",\"datePublished\":\"2020-07-03T09:21:04+00:00\",\"dateModified\":\"2020-07-15T17:38:13+00:00\",\"breadcrumb\":{\"@id\":\"http:\/\/www.mariazell-wienerwald.at\/en\/klosterladen\/produkte-neu\/bucher\/band-3-die-ehemalige-klosterherrschaft-klein-mariazell\/#breadcrumb\"},\"inLanguage\":\"en-US\",\"potentialAction\":[{\"@type\":\"ReadAction\",\"target\":[\"http:\/\/www.mariazell-wienerwald.at\/en\/klosterladen\/produkte-neu\/bucher\/band-3-die-ehemalige-klosterherrschaft-klein-mariazell\/\"]}]},{\"@type\":\"ImageObject\",\"inLanguage\":\"en-US\",\"@id\":\"http:\/\/www.mariazell-wienerwald.at\/en\/klosterladen\/produkte-neu\/bucher\/band-3-die-ehemalige-klosterherrschaft-klein-mariazell\/#primaryimage\",\"url\":\"https:\/\/www.mariazell-wienerwald.at\/wp-content\/uploads\/2020\/04\/Smidt_Cover-300x300-1.jpg\",\"contentUrl\":\"https:\/\/www.mariazell-wienerwald.at\/wp-content\/uploads\/2020\/04\/Smidt_Cover-300x300-1.jpg\",\"width\":300,\"height\":300},{\"@type\":\"BreadcrumbList\",\"@id\":\"http:\/\/www.mariazell-wienerwald.at\/en\/klosterladen\/produkte-neu\/bucher\/band-3-die-ehemalige-klosterherrschaft-klein-mariazell\/#breadcrumb\",\"itemListElement\":[{\"@type\":\"ListItem\",\"position\":1,\"name\":\"Startseite\",\"item\":\"https:\/\/www.mariazell-wienerwald.at\/\"},{\"@type\":\"ListItem\",\"position\":2,\"name\":\"Produkte\",\"item\":\"https:\/\/www.mariazell-wienerwald.at\/klosterladen__trashed\/produkte\/\"},{\"@type\":\"ListItem\",\"position\":3,\"name\":\"Band 3: Die ehemalige Klosterherrschaft Klein-Mariazell\"}]},{\"@type\":\"WebSite\",\"@id\":\"https:\/\/www.mariazell-wienerwald.at\/#website\",\"url\":\"https:\/\/www.mariazell-wienerwald.at\/\",\"name\":\"Mariazell im Wienerwald\",\"description\":\"\",\"potentialAction\":[{\"@type\":\"SearchAction\",\"target\":{\"@type\":\"EntryPoint\",\"urlTemplate\":\"https:\/\/www.mariazell-wienerwald.at\/?s={search_term_string}\"},\"query-input\":\"required name=search_term_string\"}],\"inLanguage\":\"en-US\"}]}<\/script>\n<!-- \/ Yoast SEO plugin. -->","yoast_head_json":{"title":"Band 3: Die ehemalige Klosterherrschaft Klein-Mariazell - Mariazell im Wienerwald","robots":{"index":"index","follow":"follow","max-snippet":"max-snippet:-1","max-image-preview":"max-image-preview:large","max-video-preview":"max-video-preview:-1"},"canonical":"http:\/\/www.mariazell-wienerwald.at\/en\/klosterladen\/produkte-neu\/bucher\/band-3-die-ehemalige-klosterherrschaft-klein-mariazell\/","og_locale":"en_US","og_type":"article","og_title":"Band 3: Die ehemalige Klosterherrschaft Klein-Mariazell - Mariazell im Wienerwald","og_description":"Ein land- und forstwirtschaftliches Gut zwischen Vorm\u00e4rz und Gegenwart  von Stefan Smidt und Thomas Aigner (2018)  Die Gr\u00fcndung des Benediktinerstiftes (Klein-) Mariazell in \u00d6sterreich im oberen Triestingtal zu Beginn des 12. Jahrhunderts markiert einen grundlegenden Wendepunkt der zivilisatorischen Entwicklung dieser Gegend, der bis in die Gegenwart nachwirkt. Nach einer bewegten Geschichte wurde das Kloster 1782 aufgehoben und im 19. Jahrhundert schlie\u00dflich privatisiert. Seither war die ehem. Klosterherrschaft bzw. das verbliebene land- und forstwirtschaftliche Gut Schauplatz einer wechselvollen Geschichte, die bestimmt wird von der Aufhebung der Grundherrschaft 1848, den beiden Weltkriegen, aber auch von verschiedenen nat\u00fcrlichen Einfl\u00fcssen wie Borken k\u00e4ferbefall, Hochwasser und Eisbruch. Gegenst\u00e4ndliches Buch zeichnet exemplarisch das Schicksal eines ehem. Klostergutes nach und widmet sich verschiedensten historischen, land- und forstwirtschaftlichen Aspekten. Es schreibt somit die Geschichte des aufgehobenen Stiftes in anderer Form bis in die Gegenwart weiter.  Stefan Smidt Geboren 1948 in Wien, Studium der Lebensmittel- und G\u00e4rungstechnik sowie Dissertation an der Universit\u00e4t f\u00fcr Bodenkultur Wien, sp\u00e4ter Habilitation an der Technischen Universit\u00e4t Wien. Von 1975 bis 2011 wissenschaftlicher Mitarbeiter am Bundesforschungs- und Ausbildungszentrum f\u00fcr Wald, Naturgefahren und Landschaft in Wien mit dem Arbeitsgebiet Immissions\u00f6kologie. Mitglied der Kommission Reinhaltung der Luft der \u00d6sterreichischen Akademie der Wissenschaften. Immissions\u00f6kologische Vorlesungen an der Technischen Universit\u00e4t Wien, der Universit\u00e4t Wien und der Universit\u00e4t Graz. 1993 bis dato Leiter der Forstverwaltung Kleinmariazell in N\u00d6.  Thomas Aigner Geboren 1973 in M\u00f6dling, besch\u00e4ftigt sich schon seit fr\u00fchester Jugend intensiv mit der Geschichte des oberen Triestingtals, insbesondere jener des ehem. Stiftes (Klein-) Mariazell in \u00d6sterreich. Mehr als 80 Publikationen zu landesgeschichtlichen und archivwissenschaftlichen Themen, seit 1995 Direktor des Di\u00f6zesanarchivs St. P\u00f6lten, seit 2008 Pr\u00e4sident des Internationalen Zentrums f\u00fcr Archivforschung (ICARUS), seit 2015 Pr\u00e4sident der Gesellschaft f\u00fcr Kultur, Tourismus und Denkmalpfl ege im oberen Triestingtal, Tr\u00e4ger zahlreicher in- und ausl\u00e4ndischer Auszeichnungen.","og_url":"http:\/\/www.mariazell-wienerwald.at\/en\/klosterladen\/produkte-neu\/bucher\/band-3-die-ehemalige-klosterherrschaft-klein-mariazell\/","og_site_name":"Mariazell im Wienerwald","article_modified_time":"2020-07-15T17:38:13+00:00","og_image":[{"width":300,"height":300,"url":"https:\/\/www.mariazell-wienerwald.at\/wp-content\/uploads\/2020\/04\/Smidt_Cover-300x300-1.jpg","type":"image\/jpeg"}],"twitter_card":"summary_large_image","schema":{"@context":"https:\/\/schema.org","@graph":[{"@type":"WebPage","@id":"http:\/\/www.mariazell-wienerwald.at\/en\/klosterladen\/produkte-neu\/bucher\/band-3-die-ehemalige-klosterherrschaft-klein-mariazell\/","url":"http:\/\/www.mariazell-wienerwald.at\/en\/klosterladen\/produkte-neu\/bucher\/band-3-die-ehemalige-klosterherrschaft-klein-mariazell\/","name":"Band 3: Die ehemalige Klosterherrschaft Klein-Mariazell - Mariazell im Wienerwald","isPartOf":{"@id":"https:\/\/www.mariazell-wienerwald.at\/#website"},"primaryImageOfPage":{"@id":"http:\/\/www.mariazell-wienerwald.at\/en\/klosterladen\/produkte-neu\/bucher\/band-3-die-ehemalige-klosterherrschaft-klein-mariazell\/#primaryimage"},"image":{"@id":"http:\/\/www.mariazell-wienerwald.at\/en\/klosterladen\/produkte-neu\/bucher\/band-3-die-ehemalige-klosterherrschaft-klein-mariazell\/#primaryimage"},"thumbnailUrl":"https:\/\/www.mariazell-wienerwald.at\/wp-content\/uploads\/2020\/04\/Smidt_Cover-300x300-1.jpg","datePublished":"2020-07-03T09:21:04+00:00","dateModified":"2020-07-15T17:38:13+00:00","breadcrumb":{"@id":"http:\/\/www.mariazell-wienerwald.at\/en\/klosterladen\/produkte-neu\/bucher\/band-3-die-ehemalige-klosterherrschaft-klein-mariazell\/#breadcrumb"},"inLanguage":"en-US","potentialAction":[{"@type":"ReadAction","target":["http:\/\/www.mariazell-wienerwald.at\/en\/klosterladen\/produkte-neu\/bucher\/band-3-die-ehemalige-klosterherrschaft-klein-mariazell\/"]}]},{"@type":"ImageObject","inLanguage":"en-US","@id":"http:\/\/www.mariazell-wienerwald.at\/en\/klosterladen\/produkte-neu\/bucher\/band-3-die-ehemalige-klosterherrschaft-klein-mariazell\/#primaryimage","url":"https:\/\/www.mariazell-wienerwald.at\/wp-content\/uploads\/2020\/04\/Smidt_Cover-300x300-1.jpg","contentUrl":"https:\/\/www.mariazell-wienerwald.at\/wp-content\/uploads\/2020\/04\/Smidt_Cover-300x300-1.jpg","width":300,"height":300},{"@type":"BreadcrumbList","@id":"http:\/\/www.mariazell-wienerwald.at\/en\/klosterladen\/produkte-neu\/bucher\/band-3-die-ehemalige-klosterherrschaft-klein-mariazell\/#breadcrumb","itemListElement":[{"@type":"ListItem","position":1,"name":"Startseite","item":"https:\/\/www.mariazell-wienerwald.at\/"},{"@type":"ListItem","position":2,"name":"Produkte","item":"https:\/\/www.mariazell-wienerwald.at\/klosterladen__trashed\/produkte\/"},{"@type":"ListItem","position":3,"name":"Band 3: Die ehemalige Klosterherrschaft Klein-Mariazell"}]},{"@type":"WebSite","@id":"https:\/\/www.mariazell-wienerwald.at\/#website","url":"https:\/\/www.mariazell-wienerwald.at\/","name":"Mariazell im Wienerwald","description":"","potentialAction":[{"@type":"SearchAction","target":{"@type":"EntryPoint","urlTemplate":"https:\/\/www.mariazell-wienerwald.at\/?s={search_term_string}"},"query-input":"required name=search_term_string"}],"inLanguage":"en-US"}]}},"_links":{"self":[{"href":"https:\/\/www.mariazell-wienerwald.at\/en\/wp-json\/wp\/v2\/product\/3029"}],"collection":[{"href":"https:\/\/www.mariazell-wienerwald.at\/en\/wp-json\/wp\/v2\/product"}],"about":[{"href":"https:\/\/www.mariazell-wienerwald.at\/en\/wp-json\/wp\/v2\/types\/product"}],"replies":[{"embeddable":true,"href":"https:\/\/www.mariazell-wienerwald.at\/en\/wp-json\/wp\/v2\/comments?post=3029"}],"wp:featuredmedia":[{"embeddable":true,"href":"https:\/\/www.mariazell-wienerwald.at\/en\/wp-json\/wp\/v2\/media\/1724"}],"wp:attachment":[{"href":"https:\/\/www.mariazell-wienerwald.at\/en\/wp-json\/wp\/v2\/media?parent=3029"}],"wp:term":[{"taxonomy":"product_cat","embeddable":true,"href":"https:\/\/www.mariazell-wienerwald.at\/en\/wp-json\/wp\/v2\/product_cat?post=3029"},{"taxonomy":"product_tag","embeddable":true,"href":"https:\/\/www.mariazell-wienerwald.at\/en\/wp-json\/wp\/v2\/product_tag?post=3029"}],"curies":[{"name":"wp","href":"https:\/\/api.w.org\/{rel}","templated":true}]}}