{"id":4095,"date":"2021-03-23T14:19:05","date_gmt":"2021-03-23T13:19:05","guid":{"rendered":"https:\/\/www.mariazell-wienerwald.at\/?post_type=product&#038;p=4095"},"modified":"2021-04-02T17:06:36","modified_gmt":"2021-04-02T15:06:36","slug":"broschuere-natur-kultur","status":"publish","type":"product","link":"https:\/\/www.mariazell-wienerwald.at\/en\/klosterladen\/produkte-neu\/bucher\/broschuere-natur-kultur\/","title":{"rendered":"NEU! Mariazell im Wienerwald: Natur &#8211; Kultur &#8211; Region"},"content":{"rendered":"","protected":false},"excerpt":{"rendered":"<p>hg. von Thomas Aigner und Erwin Schefstoss (2021)<\/p>\n<p>ISBN 978-3-99024-988-8, 24 x 17 cm, 84 Seiten, zahlreiche Abbildungen<\/p>\n<p>\u00bb Mariazell liegt im Wienerwald!<\/p>\n<p>Die Region Mariazell im Wienerwald liegt direkt vor den Toren Wiens im oberen Triestingtal.<br \/>\n\u00dcber die Jahrhunderte wurde sie gepr\u00e4gt vom Einfluss des Benediktinerklosters in (Klein-) Mariazell und den adeligen Herrschaften Araburg und Neuhaus.<br \/>\nHeute ist sie ein ganz besonderer Ort, an dem man die \u00fcber Jahrhunderte gewachsene Kultur und Naturlandschaft auf einzigartige Weise erleben kann.<br \/>\nMittels atemberaubender Bilder lokaler Fotografinnen und Fotografen werden Kulturdenkm\u00e4ler und Landschaft der Region lebendig!<\/p>\n<p><strong><a href=\"https:\/\/www.mariazell-wienerwald.at\/en\/#buch1\" target=\"_blank\" rel=\"noopener\">Brosch\u00fcre virtuell durchbl\u00e4ttern<\/a><\/strong><\/p>\n<p><em><strong>Kostenlos und versandkostenfrei! <\/strong><\/em><\/p>\n<p><a href=\"https:\/\/www.mariazell-wienerwald.at\/en\/unterstuetzen-sie-uns\/\" target=\"_blank\" rel=\"noopener\">N\u00e4here Informationen finden Sie hier.<\/a><\/p>\n<p><img decoding=\"async\" class=\"alignnone wp-image-2647\" src=\"https:\/\/www.mariazell-wienerwald.at\/wp-content\/uploads\/2020\/03\/Leaderlogo_NOE_EU_jpg-300x63.jpg\" alt=\"\" width=\"476\" height=\"100\" srcset=\"https:\/\/www.mariazell-wienerwald.at\/wp-content\/uploads\/2020\/03\/Leaderlogo_NOE_EU_jpg-300x63.jpg 300w, https:\/\/www.mariazell-wienerwald.at\/wp-content\/uploads\/2020\/03\/Leaderlogo_NOE_EU_jpg-600x127.jpg 600w, https:\/\/www.mariazell-wienerwald.at\/wp-content\/uploads\/2020\/03\/Leaderlogo_NOE_EU_jpg-1024x217.jpg 1024w, https:\/\/www.mariazell-wienerwald.at\/wp-content\/uploads\/2020\/03\/Leaderlogo_NOE_EU_jpg-768x163.jpg 768w, https:\/\/www.mariazell-wienerwald.at\/wp-content\/uploads\/2020\/03\/Leaderlogo_NOE_EU_jpg-1536x325.jpg 1536w, https:\/\/www.mariazell-wienerwald.at\/wp-content\/uploads\/2020\/03\/Leaderlogo_NOE_EU_jpg-2048x433.jpg 2048w\" sizes=\"(max-width: 476px) 100vw, 476px\" \/><\/p>","protected":false},"featured_media":4097,"comment_status":"open","ping_status":"closed","template":"","meta":{"_acf_changed":false},"product_cat":[54],"product_tag":[],"class_list":{"0":"post-4095","1":"product","2":"type-product","3":"status-publish","4":"has-post-thumbnail","6":"product_cat-bucher","8":"first","9":"instock","10":"shipping-taxable","11":"purchasable","12":"product-type-simple"},"acf":[],"yoast_head":"<!-- This site is optimized with the Yoast SEO plugin v23.1 - https:\/\/yoast.com\/wordpress\/plugins\/seo\/ -->\n<title>NEU! Mariazell im Wienerwald: Natur - Kultur - Region - Mariazell im Wienerwald<\/title>\n<meta name=\"robots\" content=\"index, follow, max-snippet:-1, max-image-preview:large, max-video-preview:-1\" \/>\n<link rel=\"canonical\" href=\"http:\/\/www.mariazell-wienerwald.at\/en\/klosterladen\/produkte-neu\/bucher\/broschuere-natur-kultur\/\" \/>\n<meta property=\"og:locale\" content=\"en_US\" \/>\n<meta property=\"og:type\" content=\"article\" \/>\n<meta property=\"og:title\" content=\"NEU! Mariazell im Wienerwald: Natur - Kultur - Region - Mariazell im Wienerwald\" \/>\n<meta property=\"og:description\" content=\"hg. von Thomas Aigner und Erwin Schefstoss (2021)  ISBN 978-3-99024-988-8, 24 x 17 cm, 84 Seiten, zahlreiche Abbildungen  \u00bb Mariazell liegt im Wienerwald!  Die Region Mariazell im Wienerwald liegt direkt vor den Toren Wiens im oberen Triestingtal. \u00dcber die Jahrhunderte wurde sie gepr\u00e4gt vom Einfluss des Benediktinerklosters in (Klein-) Mariazell und den adeligen Herrschaften Araburg und Neuhaus. Heute ist sie ein ganz besonderer Ort, an dem man die \u00fcber Jahrhunderte gewachsene Kultur und Naturlandschaft auf einzigartige Weise erleben kann. Mittels atemberaubender Bilder lokaler Fotografinnen und Fotografen werden Kulturdenkm\u00e4ler und Landschaft der Region lebendig!  Brosch\u00fcre virtuell durchbl\u00e4ttern  Kostenlos und versandkostenfrei!   N\u00e4here Informationen finden Sie hier.\" \/>\n<meta property=\"og:url\" content=\"http:\/\/www.mariazell-wienerwald.at\/en\/klosterladen\/produkte-neu\/bucher\/broschuere-natur-kultur\/\" \/>\n<meta property=\"og:site_name\" content=\"Mariazell im Wienerwald\" \/>\n<meta property=\"article:modified_time\" content=\"2021-04-02T15:06:36+00:00\" \/>\n<meta property=\"og:image\" content=\"https:\/\/www.mariazell-wienerwald.at\/wp-content\/uploads\/2021\/03\/Broschuere_Titel.jpg\" \/>\n\t<meta property=\"og:image:width\" content=\"1051\" \/>\n\t<meta property=\"og:image:height\" content=\"752\" \/>\n\t<meta property=\"og:image:type\" content=\"image\/jpeg\" \/>\n<meta name=\"twitter:card\" content=\"summary_large_image\" \/>\n<script type=\"application\/ld+json\" class=\"yoast-schema-graph\">{\"@context\":\"https:\/\/schema.org\",\"@graph\":[{\"@type\":\"WebPage\",\"@id\":\"http:\/\/www.mariazell-wienerwald.at\/en\/klosterladen\/produkte-neu\/bucher\/broschuere-natur-kultur\/\",\"url\":\"http:\/\/www.mariazell-wienerwald.at\/en\/klosterladen\/produkte-neu\/bucher\/broschuere-natur-kultur\/\",\"name\":\"NEU! Mariazell im Wienerwald: Natur - Kultur - Region - Mariazell im Wienerwald\",\"isPartOf\":{\"@id\":\"https:\/\/www.mariazell-wienerwald.at\/#website\"},\"primaryImageOfPage\":{\"@id\":\"http:\/\/www.mariazell-wienerwald.at\/en\/klosterladen\/produkte-neu\/bucher\/broschuere-natur-kultur\/#primaryimage\"},\"image\":{\"@id\":\"http:\/\/www.mariazell-wienerwald.at\/en\/klosterladen\/produkte-neu\/bucher\/broschuere-natur-kultur\/#primaryimage\"},\"thumbnailUrl\":\"https:\/\/www.mariazell-wienerwald.at\/wp-content\/uploads\/2021\/03\/Broschuere_Titel.jpg\",\"datePublished\":\"2021-03-23T13:19:05+00:00\",\"dateModified\":\"2021-04-02T15:06:36+00:00\",\"breadcrumb\":{\"@id\":\"http:\/\/www.mariazell-wienerwald.at\/en\/klosterladen\/produkte-neu\/bucher\/broschuere-natur-kultur\/#breadcrumb\"},\"inLanguage\":\"en-US\",\"potentialAction\":[{\"@type\":\"ReadAction\",\"target\":[\"http:\/\/www.mariazell-wienerwald.at\/en\/klosterladen\/produkte-neu\/bucher\/broschuere-natur-kultur\/\"]}]},{\"@type\":\"ImageObject\",\"inLanguage\":\"en-US\",\"@id\":\"http:\/\/www.mariazell-wienerwald.at\/en\/klosterladen\/produkte-neu\/bucher\/broschuere-natur-kultur\/#primaryimage\",\"url\":\"https:\/\/www.mariazell-wienerwald.at\/wp-content\/uploads\/2021\/03\/Broschuere_Titel.jpg\",\"contentUrl\":\"https:\/\/www.mariazell-wienerwald.at\/wp-content\/uploads\/2021\/03\/Broschuere_Titel.jpg\",\"width\":1051,\"height\":752},{\"@type\":\"BreadcrumbList\",\"@id\":\"http:\/\/www.mariazell-wienerwald.at\/en\/klosterladen\/produkte-neu\/bucher\/broschuere-natur-kultur\/#breadcrumb\",\"itemListElement\":[{\"@type\":\"ListItem\",\"position\":1,\"name\":\"Startseite\",\"item\":\"https:\/\/www.mariazell-wienerwald.at\/\"},{\"@type\":\"ListItem\",\"position\":2,\"name\":\"Produkte\",\"item\":\"https:\/\/www.mariazell-wienerwald.at\/klosterladen__trashed\/produkte\/\"},{\"@type\":\"ListItem\",\"position\":3,\"name\":\"NEU! Mariazell im Wienerwald: Natur &#8211; Kultur &#8211; Region\"}]},{\"@type\":\"WebSite\",\"@id\":\"https:\/\/www.mariazell-wienerwald.at\/#website\",\"url\":\"https:\/\/www.mariazell-wienerwald.at\/\",\"name\":\"Mariazell im Wienerwald\",\"description\":\"\",\"potentialAction\":[{\"@type\":\"SearchAction\",\"target\":{\"@type\":\"EntryPoint\",\"urlTemplate\":\"https:\/\/www.mariazell-wienerwald.at\/?s={search_term_string}\"},\"query-input\":\"required name=search_term_string\"}],\"inLanguage\":\"en-US\"}]}<\/script>\n<!-- \/ Yoast SEO plugin. -->","yoast_head_json":{"title":"NEU! Mariazell im Wienerwald: Natur - Kultur - Region - Mariazell im Wienerwald","robots":{"index":"index","follow":"follow","max-snippet":"max-snippet:-1","max-image-preview":"max-image-preview:large","max-video-preview":"max-video-preview:-1"},"canonical":"http:\/\/www.mariazell-wienerwald.at\/en\/klosterladen\/produkte-neu\/bucher\/broschuere-natur-kultur\/","og_locale":"en_US","og_type":"article","og_title":"NEU! Mariazell im Wienerwald: Natur - Kultur - Region - Mariazell im Wienerwald","og_description":"hg. von Thomas Aigner und Erwin Schefstoss (2021)  ISBN 978-3-99024-988-8, 24 x 17 cm, 84 Seiten, zahlreiche Abbildungen  \u00bb Mariazell liegt im Wienerwald!  Die Region Mariazell im Wienerwald liegt direkt vor den Toren Wiens im oberen Triestingtal. \u00dcber die Jahrhunderte wurde sie gepr\u00e4gt vom Einfluss des Benediktinerklosters in (Klein-) Mariazell und den adeligen Herrschaften Araburg und Neuhaus. Heute ist sie ein ganz besonderer Ort, an dem man die \u00fcber Jahrhunderte gewachsene Kultur und Naturlandschaft auf einzigartige Weise erleben kann. Mittels atemberaubender Bilder lokaler Fotografinnen und Fotografen werden Kulturdenkm\u00e4ler und Landschaft der Region lebendig!  Brosch\u00fcre virtuell durchbl\u00e4ttern  Kostenlos und versandkostenfrei!   N\u00e4here Informationen finden Sie hier.","og_url":"http:\/\/www.mariazell-wienerwald.at\/en\/klosterladen\/produkte-neu\/bucher\/broschuere-natur-kultur\/","og_site_name":"Mariazell im Wienerwald","article_modified_time":"2021-04-02T15:06:36+00:00","og_image":[{"width":1051,"height":752,"url":"https:\/\/www.mariazell-wienerwald.at\/wp-content\/uploads\/2021\/03\/Broschuere_Titel.jpg","type":"image\/jpeg"}],"twitter_card":"summary_large_image","schema":{"@context":"https:\/\/schema.org","@graph":[{"@type":"WebPage","@id":"http:\/\/www.mariazell-wienerwald.at\/en\/klosterladen\/produkte-neu\/bucher\/broschuere-natur-kultur\/","url":"http:\/\/www.mariazell-wienerwald.at\/en\/klosterladen\/produkte-neu\/bucher\/broschuere-natur-kultur\/","name":"NEU! Mariazell im Wienerwald: Natur - Kultur - Region - Mariazell im Wienerwald","isPartOf":{"@id":"https:\/\/www.mariazell-wienerwald.at\/#website"},"primaryImageOfPage":{"@id":"http:\/\/www.mariazell-wienerwald.at\/en\/klosterladen\/produkte-neu\/bucher\/broschuere-natur-kultur\/#primaryimage"},"image":{"@id":"http:\/\/www.mariazell-wienerwald.at\/en\/klosterladen\/produkte-neu\/bucher\/broschuere-natur-kultur\/#primaryimage"},"thumbnailUrl":"https:\/\/www.mariazell-wienerwald.at\/wp-content\/uploads\/2021\/03\/Broschuere_Titel.jpg","datePublished":"2021-03-23T13:19:05+00:00","dateModified":"2021-04-02T15:06:36+00:00","breadcrumb":{"@id":"http:\/\/www.mariazell-wienerwald.at\/en\/klosterladen\/produkte-neu\/bucher\/broschuere-natur-kultur\/#breadcrumb"},"inLanguage":"en-US","potentialAction":[{"@type":"ReadAction","target":["http:\/\/www.mariazell-wienerwald.at\/en\/klosterladen\/produkte-neu\/bucher\/broschuere-natur-kultur\/"]}]},{"@type":"ImageObject","inLanguage":"en-US","@id":"http:\/\/www.mariazell-wienerwald.at\/en\/klosterladen\/produkte-neu\/bucher\/broschuere-natur-kultur\/#primaryimage","url":"https:\/\/www.mariazell-wienerwald.at\/wp-content\/uploads\/2021\/03\/Broschuere_Titel.jpg","contentUrl":"https:\/\/www.mariazell-wienerwald.at\/wp-content\/uploads\/2021\/03\/Broschuere_Titel.jpg","width":1051,"height":752},{"@type":"BreadcrumbList","@id":"http:\/\/www.mariazell-wienerwald.at\/en\/klosterladen\/produkte-neu\/bucher\/broschuere-natur-kultur\/#breadcrumb","itemListElement":[{"@type":"ListItem","position":1,"name":"Startseite","item":"https:\/\/www.mariazell-wienerwald.at\/"},{"@type":"ListItem","position":2,"name":"Produkte","item":"https:\/\/www.mariazell-wienerwald.at\/klosterladen__trashed\/produkte\/"},{"@type":"ListItem","position":3,"name":"NEU! Mariazell im Wienerwald: Natur &#8211; Kultur &#8211; Region"}]},{"@type":"WebSite","@id":"https:\/\/www.mariazell-wienerwald.at\/#website","url":"https:\/\/www.mariazell-wienerwald.at\/","name":"Mariazell im Wienerwald","description":"","potentialAction":[{"@type":"SearchAction","target":{"@type":"EntryPoint","urlTemplate":"https:\/\/www.mariazell-wienerwald.at\/?s={search_term_string}"},"query-input":"required name=search_term_string"}],"inLanguage":"en-US"}]}},"_links":{"self":[{"href":"https:\/\/www.mariazell-wienerwald.at\/en\/wp-json\/wp\/v2\/product\/4095"}],"collection":[{"href":"https:\/\/www.mariazell-wienerwald.at\/en\/wp-json\/wp\/v2\/product"}],"about":[{"href":"https:\/\/www.mariazell-wienerwald.at\/en\/wp-json\/wp\/v2\/types\/product"}],"replies":[{"embeddable":true,"href":"https:\/\/www.mariazell-wienerwald.at\/en\/wp-json\/wp\/v2\/comments?post=4095"}],"wp:featuredmedia":[{"embeddable":true,"href":"https:\/\/www.mariazell-wienerwald.at\/en\/wp-json\/wp\/v2\/media\/4097"}],"wp:attachment":[{"href":"https:\/\/www.mariazell-wienerwald.at\/en\/wp-json\/wp\/v2\/media?parent=4095"}],"wp:term":[{"taxonomy":"product_cat","embeddable":true,"href":"https:\/\/www.mariazell-wienerwald.at\/en\/wp-json\/wp\/v2\/product_cat?post=4095"},{"taxonomy":"product_tag","embeddable":true,"href":"https:\/\/www.mariazell-wienerwald.at\/en\/wp-json\/wp\/v2\/product_tag?post=4095"}],"curies":[{"name":"wp","href":"https:\/\/api.w.org\/{rel}","templated":true}]}}