{"id":5080,"date":"2022-04-21T17:17:06","date_gmt":"2022-04-21T15:17:06","guid":{"rendered":"https:\/\/www.mariazell-wienerwald.at\/?post_type=product&#038;p=5080"},"modified":"2024-05-10T23:16:33","modified_gmt":"2024-05-10T21:16:33","slug":"schatzkammer-hafnerberg-ein-barocker-kosmos","status":"publish","type":"product","link":"https:\/\/www.mariazell-wienerwald.at\/en\/klosterladen\/produkte-neu\/bucher\/schatzkammer-hafnerberg-ein-barocker-kosmos\/","title":{"rendered":"Schatzkammer Hafnerberg &#8211; Ein barocker Kosmos"},"content":{"rendered":"","protected":false},"excerpt":{"rendered":"<p><em><strong>Das Begleitbuch zur Schatzkammer!<\/strong><\/em><\/p>\n<p>ISBN 978-3-99103-078-2, 15 x 21 cm, 64 Seiten, zahlr. Abb. in Farbe<\/p>\n<p>Die Hafnerberger Schatzkammer beherbergt viele kleinere und gr\u00f6\u00dfere Objekte aus der fast dreihundertj\u00e4hrigen Geschichte der Wallfahrtskirche. Diese bisher im Verborgenen geh\u00fcteten Kostbarkeiten k\u00f6nnen nun nicht nur besichtigt werden, sondern auch die Geschichten um sie herum erlebt und nachvollzogen werden.<\/p>\n<p>Der Heiligenkreuzer M\u00f6nch P. Edmund K\u00f6nig hielt im 18. Jh. eine Festpredigt am Hafnerberg, die zum Leitfaden der F\u00fchrung durch die Schatzkammer wurde. Anhand zahlreicher Zitate wird die barocke Geistes- und Fr\u00f6mmigkeitswelt wieder lebendig, der Besucher\/die Besucherin kann in diese ferne Zeit voll eintauchen.<\/p>\n<p>Text und wissenschaftliches Konzept: Dr. Thomas Aigner, grafische Gestaltung: Doris Zichtl, Fotos: Erwin Schefstoss<\/p>","protected":false},"featured_media":5081,"comment_status":"open","ping_status":"closed","template":"","meta":{"_acf_changed":false},"product_cat":[54],"product_tag":[94,97,92,96,93,95],"class_list":{"0":"post-5080","1":"product","2":"type-product","3":"status-publish","4":"has-post-thumbnail","6":"product_cat-bucher","7":"product_tag-barockzeit","8":"product_tag-froemmigkeit","9":"product_tag-hafnerberg","10":"product_tag-schaetze","11":"product_tag-schatzkammer","12":"product_tag-wallfahrt","14":"first","15":"instock","16":"shipping-taxable","17":"purchasable","18":"product-type-simple"},"acf":[],"yoast_head":"<!-- This site is optimized with the Yoast SEO plugin v23.1 - https:\/\/yoast.com\/wordpress\/plugins\/seo\/ -->\n<title>Schatzkammer Hafnerberg - Ein barocker Kosmos - Mariazell im Wienerwald<\/title>\n<meta name=\"robots\" content=\"index, follow, max-snippet:-1, max-image-preview:large, max-video-preview:-1\" \/>\n<link rel=\"canonical\" href=\"https:\/\/www.mariazell-wienerwald.at\/en\/klosterladen\/produkte-neu\/bucher\/schatzkammer-hafnerberg-ein-barocker-kosmos\/\" \/>\n<meta property=\"og:locale\" content=\"en_US\" \/>\n<meta property=\"og:type\" content=\"article\" \/>\n<meta property=\"og:title\" content=\"Schatzkammer Hafnerberg - Ein barocker Kosmos - Mariazell im Wienerwald\" \/>\n<meta property=\"og:description\" content=\"Das Begleitbuch zur Schatzkammer!  ISBN 978-3-99103-078-2, 15 x 21 cm, 64 Seiten, zahlr. Abb. in Farbe  Die Hafnerberger Schatzkammer beherbergt viele kleinere und gr\u00f6\u00dfere Objekte aus der fast dreihundertj\u00e4hrigen Geschichte der Wallfahrtskirche. Diese bisher im Verborgenen geh\u00fcteten Kostbarkeiten k\u00f6nnen nun nicht nur besichtigt werden, sondern auch die Geschichten um sie herum erlebt und nachvollzogen werden.  Der Heiligenkreuzer M\u00f6nch P. Edmund K\u00f6nig hielt im 18. Jh. eine Festpredigt am Hafnerberg, die zum Leitfaden der F\u00fchrung durch die Schatzkammer wurde. Anhand zahlreicher Zitate wird die barocke Geistes- und Fr\u00f6mmigkeitswelt wieder lebendig, der Besucher\/die Besucherin kann in diese ferne Zeit voll eintauchen.  Text und wissenschaftliches Konzept: Dr. Thomas Aigner, grafische Gestaltung: Doris Zichtl, Fotos: Erwin Schefstoss\" \/>\n<meta property=\"og:url\" content=\"https:\/\/www.mariazell-wienerwald.at\/en\/klosterladen\/produkte-neu\/bucher\/schatzkammer-hafnerberg-ein-barocker-kosmos\/\" \/>\n<meta property=\"og:site_name\" content=\"Mariazell im Wienerwald\" \/>\n<meta property=\"article:modified_time\" content=\"2024-05-10T21:16:33+00:00\" \/>\n<meta property=\"og:image\" content=\"https:\/\/www.mariazell-wienerwald.at\/wp-content\/uploads\/2022\/04\/Hafnerberg_Schatzkammer_Titel.jpg\" \/>\n\t<meta property=\"og:image:width\" content=\"955\" \/>\n\t<meta property=\"og:image:height\" content=\"1363\" \/>\n\t<meta property=\"og:image:type\" content=\"image\/jpeg\" \/>\n<meta name=\"twitter:card\" content=\"summary_large_image\" \/>\n<meta name=\"twitter:label1\" content=\"Est. reading time\" \/>\n\t<meta name=\"twitter:data1\" content=\"1 minute\" \/>\n<script type=\"application\/ld+json\" class=\"yoast-schema-graph\">{\"@context\":\"https:\/\/schema.org\",\"@graph\":[{\"@type\":\"WebPage\",\"@id\":\"https:\/\/www.mariazell-wienerwald.at\/klosterladen\/produkte-neu\/bucher\/schatzkammer-hafnerberg-ein-barocker-kosmos\/\",\"url\":\"https:\/\/www.mariazell-wienerwald.at\/klosterladen\/produkte-neu\/bucher\/schatzkammer-hafnerberg-ein-barocker-kosmos\/\",\"name\":\"Schatzkammer Hafnerberg - Ein barocker Kosmos - Mariazell im Wienerwald\",\"isPartOf\":{\"@id\":\"https:\/\/www.mariazell-wienerwald.at\/#website\"},\"primaryImageOfPage\":{\"@id\":\"https:\/\/www.mariazell-wienerwald.at\/klosterladen\/produkte-neu\/bucher\/schatzkammer-hafnerberg-ein-barocker-kosmos\/#primaryimage\"},\"image\":{\"@id\":\"https:\/\/www.mariazell-wienerwald.at\/klosterladen\/produkte-neu\/bucher\/schatzkammer-hafnerberg-ein-barocker-kosmos\/#primaryimage\"},\"thumbnailUrl\":\"https:\/\/www.mariazell-wienerwald.at\/wp-content\/uploads\/2022\/04\/Hafnerberg_Schatzkammer_Titel.jpg\",\"datePublished\":\"2022-04-21T15:17:06+00:00\",\"dateModified\":\"2024-05-10T21:16:33+00:00\",\"breadcrumb\":{\"@id\":\"https:\/\/www.mariazell-wienerwald.at\/klosterladen\/produkte-neu\/bucher\/schatzkammer-hafnerberg-ein-barocker-kosmos\/#breadcrumb\"},\"inLanguage\":\"en-US\",\"potentialAction\":[{\"@type\":\"ReadAction\",\"target\":[\"https:\/\/www.mariazell-wienerwald.at\/klosterladen\/produkte-neu\/bucher\/schatzkammer-hafnerberg-ein-barocker-kosmos\/\"]}]},{\"@type\":\"ImageObject\",\"inLanguage\":\"en-US\",\"@id\":\"https:\/\/www.mariazell-wienerwald.at\/klosterladen\/produkte-neu\/bucher\/schatzkammer-hafnerberg-ein-barocker-kosmos\/#primaryimage\",\"url\":\"https:\/\/www.mariazell-wienerwald.at\/wp-content\/uploads\/2022\/04\/Hafnerberg_Schatzkammer_Titel.jpg\",\"contentUrl\":\"https:\/\/www.mariazell-wienerwald.at\/wp-content\/uploads\/2022\/04\/Hafnerberg_Schatzkammer_Titel.jpg\",\"width\":955,\"height\":1363},{\"@type\":\"BreadcrumbList\",\"@id\":\"https:\/\/www.mariazell-wienerwald.at\/klosterladen\/produkte-neu\/bucher\/schatzkammer-hafnerberg-ein-barocker-kosmos\/#breadcrumb\",\"itemListElement\":[{\"@type\":\"ListItem\",\"position\":1,\"name\":\"Startseite\",\"item\":\"https:\/\/www.mariazell-wienerwald.at\/\"},{\"@type\":\"ListItem\",\"position\":2,\"name\":\"Produkte\",\"item\":\"https:\/\/www.mariazell-wienerwald.at\/klosterladen__trashed\/produkte\/\"},{\"@type\":\"ListItem\",\"position\":3,\"name\":\"Schatzkammer Hafnerberg &#8211; Ein barocker Kosmos\"}]},{\"@type\":\"WebSite\",\"@id\":\"https:\/\/www.mariazell-wienerwald.at\/#website\",\"url\":\"https:\/\/www.mariazell-wienerwald.at\/\",\"name\":\"Mariazell im Wienerwald\",\"description\":\"\",\"potentialAction\":[{\"@type\":\"SearchAction\",\"target\":{\"@type\":\"EntryPoint\",\"urlTemplate\":\"https:\/\/www.mariazell-wienerwald.at\/?s={search_term_string}\"},\"query-input\":\"required name=search_term_string\"}],\"inLanguage\":\"en-US\"}]}<\/script>\n<!-- \/ Yoast SEO plugin. -->","yoast_head_json":{"title":"Schatzkammer Hafnerberg - Ein barocker Kosmos - Mariazell im Wienerwald","robots":{"index":"index","follow":"follow","max-snippet":"max-snippet:-1","max-image-preview":"max-image-preview:large","max-video-preview":"max-video-preview:-1"},"canonical":"https:\/\/www.mariazell-wienerwald.at\/en\/klosterladen\/produkte-neu\/bucher\/schatzkammer-hafnerberg-ein-barocker-kosmos\/","og_locale":"en_US","og_type":"article","og_title":"Schatzkammer Hafnerberg - Ein barocker Kosmos - Mariazell im Wienerwald","og_description":"Das Begleitbuch zur Schatzkammer!  ISBN 978-3-99103-078-2, 15 x 21 cm, 64 Seiten, zahlr. Abb. in Farbe  Die Hafnerberger Schatzkammer beherbergt viele kleinere und gr\u00f6\u00dfere Objekte aus der fast dreihundertj\u00e4hrigen Geschichte der Wallfahrtskirche. Diese bisher im Verborgenen geh\u00fcteten Kostbarkeiten k\u00f6nnen nun nicht nur besichtigt werden, sondern auch die Geschichten um sie herum erlebt und nachvollzogen werden.  Der Heiligenkreuzer M\u00f6nch P. Edmund K\u00f6nig hielt im 18. Jh. eine Festpredigt am Hafnerberg, die zum Leitfaden der F\u00fchrung durch die Schatzkammer wurde. Anhand zahlreicher Zitate wird die barocke Geistes- und Fr\u00f6mmigkeitswelt wieder lebendig, der Besucher\/die Besucherin kann in diese ferne Zeit voll eintauchen.  Text und wissenschaftliches Konzept: Dr. Thomas Aigner, grafische Gestaltung: Doris Zichtl, Fotos: Erwin Schefstoss","og_url":"https:\/\/www.mariazell-wienerwald.at\/en\/klosterladen\/produkte-neu\/bucher\/schatzkammer-hafnerberg-ein-barocker-kosmos\/","og_site_name":"Mariazell im Wienerwald","article_modified_time":"2024-05-10T21:16:33+00:00","og_image":[{"width":955,"height":1363,"url":"https:\/\/www.mariazell-wienerwald.at\/wp-content\/uploads\/2022\/04\/Hafnerberg_Schatzkammer_Titel.jpg","type":"image\/jpeg"}],"twitter_card":"summary_large_image","twitter_misc":{"Est. reading time":"1 minute"},"schema":{"@context":"https:\/\/schema.org","@graph":[{"@type":"WebPage","@id":"https:\/\/www.mariazell-wienerwald.at\/klosterladen\/produkte-neu\/bucher\/schatzkammer-hafnerberg-ein-barocker-kosmos\/","url":"https:\/\/www.mariazell-wienerwald.at\/klosterladen\/produkte-neu\/bucher\/schatzkammer-hafnerberg-ein-barocker-kosmos\/","name":"Schatzkammer Hafnerberg - Ein barocker Kosmos - Mariazell im Wienerwald","isPartOf":{"@id":"https:\/\/www.mariazell-wienerwald.at\/#website"},"primaryImageOfPage":{"@id":"https:\/\/www.mariazell-wienerwald.at\/klosterladen\/produkte-neu\/bucher\/schatzkammer-hafnerberg-ein-barocker-kosmos\/#primaryimage"},"image":{"@id":"https:\/\/www.mariazell-wienerwald.at\/klosterladen\/produkte-neu\/bucher\/schatzkammer-hafnerberg-ein-barocker-kosmos\/#primaryimage"},"thumbnailUrl":"https:\/\/www.mariazell-wienerwald.at\/wp-content\/uploads\/2022\/04\/Hafnerberg_Schatzkammer_Titel.jpg","datePublished":"2022-04-21T15:17:06+00:00","dateModified":"2024-05-10T21:16:33+00:00","breadcrumb":{"@id":"https:\/\/www.mariazell-wienerwald.at\/klosterladen\/produkte-neu\/bucher\/schatzkammer-hafnerberg-ein-barocker-kosmos\/#breadcrumb"},"inLanguage":"en-US","potentialAction":[{"@type":"ReadAction","target":["https:\/\/www.mariazell-wienerwald.at\/klosterladen\/produkte-neu\/bucher\/schatzkammer-hafnerberg-ein-barocker-kosmos\/"]}]},{"@type":"ImageObject","inLanguage":"en-US","@id":"https:\/\/www.mariazell-wienerwald.at\/klosterladen\/produkte-neu\/bucher\/schatzkammer-hafnerberg-ein-barocker-kosmos\/#primaryimage","url":"https:\/\/www.mariazell-wienerwald.at\/wp-content\/uploads\/2022\/04\/Hafnerberg_Schatzkammer_Titel.jpg","contentUrl":"https:\/\/www.mariazell-wienerwald.at\/wp-content\/uploads\/2022\/04\/Hafnerberg_Schatzkammer_Titel.jpg","width":955,"height":1363},{"@type":"BreadcrumbList","@id":"https:\/\/www.mariazell-wienerwald.at\/klosterladen\/produkte-neu\/bucher\/schatzkammer-hafnerberg-ein-barocker-kosmos\/#breadcrumb","itemListElement":[{"@type":"ListItem","position":1,"name":"Startseite","item":"https:\/\/www.mariazell-wienerwald.at\/"},{"@type":"ListItem","position":2,"name":"Produkte","item":"https:\/\/www.mariazell-wienerwald.at\/klosterladen__trashed\/produkte\/"},{"@type":"ListItem","position":3,"name":"Schatzkammer Hafnerberg &#8211; Ein barocker Kosmos"}]},{"@type":"WebSite","@id":"https:\/\/www.mariazell-wienerwald.at\/#website","url":"https:\/\/www.mariazell-wienerwald.at\/","name":"Mariazell im Wienerwald","description":"","potentialAction":[{"@type":"SearchAction","target":{"@type":"EntryPoint","urlTemplate":"https:\/\/www.mariazell-wienerwald.at\/?s={search_term_string}"},"query-input":"required name=search_term_string"}],"inLanguage":"en-US"}]}},"_links":{"self":[{"href":"https:\/\/www.mariazell-wienerwald.at\/en\/wp-json\/wp\/v2\/product\/5080"}],"collection":[{"href":"https:\/\/www.mariazell-wienerwald.at\/en\/wp-json\/wp\/v2\/product"}],"about":[{"href":"https:\/\/www.mariazell-wienerwald.at\/en\/wp-json\/wp\/v2\/types\/product"}],"replies":[{"embeddable":true,"href":"https:\/\/www.mariazell-wienerwald.at\/en\/wp-json\/wp\/v2\/comments?post=5080"}],"wp:featuredmedia":[{"embeddable":true,"href":"https:\/\/www.mariazell-wienerwald.at\/en\/wp-json\/wp\/v2\/media\/5081"}],"wp:attachment":[{"href":"https:\/\/www.mariazell-wienerwald.at\/en\/wp-json\/wp\/v2\/media?parent=5080"}],"wp:term":[{"taxonomy":"product_cat","embeddable":true,"href":"https:\/\/www.mariazell-wienerwald.at\/en\/wp-json\/wp\/v2\/product_cat?post=5080"},{"taxonomy":"product_tag","embeddable":true,"href":"https:\/\/www.mariazell-wienerwald.at\/en\/wp-json\/wp\/v2\/product_tag?post=5080"}],"curies":[{"name":"wp","href":"https:\/\/api.w.org\/{rel}","templated":true}]}}