{"id":6256,"date":"2024-04-26T18:03:13","date_gmt":"2024-04-26T16:03:13","guid":{"rendered":"https:\/\/www.mariazell-wienerwald.at\/?post_type=product&#038;p=6256"},"modified":"2024-11-22T18:30:10","modified_gmt":"2024-11-22T17:30:10","slug":"ab-november-2024-geschichte-stadt-baden-von-den-fruehen-habsburgern-bis-zum-ausgang-des-mittelalters","status":"publish","type":"product","link":"https:\/\/www.mariazell-wienerwald.at\/en\/klosterladen\/produkte-neu\/bucher\/ab-november-2024-geschichte-stadt-baden-von-den-fruehen-habsburgern-bis-zum-ausgang-des-mittelalters\/","title":{"rendered":"Geschichte Stadt Baden: Von den fr\u00fchen Habsburgern bis zum Ausgang des Mittelalters (1260-1500)"},"content":{"rendered":"<p><strong><img fetchpriority=\"high\" decoding=\"async\" class=\"wp-image-6071 alignright\" src=\"https:\/\/www.mariazell-wienerwald.at\/wp-content\/uploads\/2024\/03\/Rudolf-Maurer_Pressestelle-Baden-Sonja-Pohl-806x1024.jpg\" alt=\"\" width=\"358\" height=\"455\" srcset=\"https:\/\/www.mariazell-wienerwald.at\/wp-content\/uploads\/2024\/03\/Rudolf-Maurer_Pressestelle-Baden-Sonja-Pohl-806x1024.jpg 806w, https:\/\/www.mariazell-wienerwald.at\/wp-content\/uploads\/2024\/03\/Rudolf-Maurer_Pressestelle-Baden-Sonja-Pohl-236x300.jpg 236w, https:\/\/www.mariazell-wienerwald.at\/wp-content\/uploads\/2024\/03\/Rudolf-Maurer_Pressestelle-Baden-Sonja-Pohl-768x976.jpg 768w, https:\/\/www.mariazell-wienerwald.at\/wp-content\/uploads\/2024\/03\/Rudolf-Maurer_Pressestelle-Baden-Sonja-Pohl-9x12.jpg 9w, https:\/\/www.mariazell-wienerwald.at\/wp-content\/uploads\/2024\/03\/Rudolf-Maurer_Pressestelle-Baden-Sonja-Pohl-600x763.jpg 600w, https:\/\/www.mariazell-wienerwald.at\/wp-content\/uploads\/2024\/03\/Rudolf-Maurer_Pressestelle-Baden-Sonja-Pohl.jpg 1129w\" sizes=\"(max-width: 358px) 100vw, 358px\" \/>Ein Lebenstraum<\/strong><\/p>\n<p><em>Ich bleibe keinen Tag l\u00e4nger im Museum, alle meine Vorg\u00e4nger sind an diesem Werk gescheitert, ich will es schaffen!<\/em> In dieser Form schilderte Dr. Rudolf Maurer im Jahr 2016 seine Gedanken zum Pensionsantritt. Konsequent verfolgte er seinen Lebenstraum, als erster Stadthistoriker seit mehr als 100 Jahren eine umfassende \u201eGeschichte der Stadt Baden\u201c zu verfassen.<\/p>\n<p>Sein pl\u00f6tzlicher Tod im Jahr 2020 beendete die Arbeit am Manuskript, das er bis in die Zeit des Sp\u00e4tmittelalters fertigstellen konnte. F\u00fcr die an der Sichtung des digitalen Nachlasses beteiligten Personen war von Beginn an klar, dass es unbedingt publiziert werden musste. <em>\u201eEs schildert die Entwicklung Badens von der Urzeit bis in die Zeit um ca. 1500 in einer Form, wie sie aufgrund der teils h\u00f6chst innovativen Forschungsmethoden nur f\u00fcr wenige andere St\u00e4dte oder Ortschaften in \u00d6sterreich existiert\u201c<\/em>, so Dr. Thomas Aigner, Historiker und Freund des Verstorbenen, der das Buch mitherausgegeben hat.<\/p>\n<p><em>\u201eMein Onkel hat das Buch in seinem typischen Erz\u00e4hlstil verfasst, mit dem er wissenschaftliche Erkenntnisse so verpackte, dass sie f\u00fcr ein breites Publikum spannend zu lesen sind. Es richtet sich an alle an Baden interessierten Personen, vor allem aber an alle Badenerinnen und Badener\u201c<\/em>, erz\u00e4hlt der Arch\u00e4ologe Jakob Maurer, Neffe und Mitherausgeber der \u201eStadtgeschichte\u201c.<\/p>\n<p>Nach intensiver Arbeit zahlreicher Personen am Manuskript geht mit dem Erscheinen des Buches im Kral-Verlag zum 70. Geburtstag von Rudolf Maurer ein Lebenstraum des Autors posthum in Erf\u00fcllung.<\/p>","protected":false},"excerpt":{"rendered":"<p>21 x 21 cm, 264 Seiten, zahlreiche Abbildungen<\/p>\n<p>Wie wehrte sich die Kaiserin gegen die Raubritter von Rauhenstein?<br \/>\nWaren nackt badende M\u00f6nche automatisch exkommuniziert?<br \/>\nUnd \u00fcber was diskutierten Berthold Ketzer und Heinrich Fromm im Gasthaus des Konrad Wirt?<\/p>\n<p>Dieses Buch von Dr. Rudolf Maurer, dem ehemaligen Leiter des Badener Rollettmuseums und Stadtarchivs, ist in seinem absolut unvergleichlichen Schreibstil verfasst, sodass man ihn beim Lesen regelrecht zu h\u00f6ren vermeint. Es spannt den Bogen von den fr\u00fchen namentlich bekannten Badenerinnen und Badenern \u00fcber die Freuden und Sorgen des Sp\u00e4tmittelalters hin zur feierlichen Erhebung Badens zur Stadt am 5. Juli 1480.<\/p>\n<p>Mit dem Ziel, die erste umfassende Darstellung der Badener Stadtgeschichte seit \u00fcber 100 Jahren zu schaffen, ging der Autor in Pension, um sich voll und ganz diesem monumentalen Projekt zu widmen. Bis in die Zeit um ca. 1500 konnte er es fertigstellen. Es entstand ein wahres Meisterwerk, das vor Fach- und Quellenkenntnis nur so strotzt und mittels innovativer Forschungsmethoden zahlreiche neue Erkenntnisse gewinnt. Mit faszinierenden Erz\u00e4hlungen richtet sich Rudolf Maurers \u201eStadtgeschichte&#8220; an ein gro\u00dfes Publikum &#8211; ein Muss nicht nur f\u00fcr alle Freunde der Stadt Baden.<\/p>","protected":false},"featured_media":6268,"comment_status":"open","ping_status":"closed","template":"","meta":{"_acf_changed":false},"product_cat":[54],"product_tag":[],"class_list":{"0":"post-6256","1":"product","2":"type-product","3":"status-publish","4":"has-post-thumbnail","6":"product_cat-bucher","8":"first","9":"instock","10":"shipping-taxable","11":"purchasable","12":"product-type-simple"},"acf":[],"yoast_head":"<!-- This site is optimized with the Yoast SEO plugin v23.1 - https:\/\/yoast.com\/wordpress\/plugins\/seo\/ -->\n<title>Geschichte Stadt Baden: Von den fr\u00fchen Habsburgern bis zum Ausgang des Mittelalters (1260-1500) - Mariazell im Wienerwald<\/title>\n<meta name=\"robots\" content=\"index, follow, max-snippet:-1, max-image-preview:large, max-video-preview:-1\" \/>\n<link rel=\"canonical\" href=\"https:\/\/www.mariazell-wienerwald.at\/en\/klosterladen\/produkte-neu\/bucher\/ab-november-2024-geschichte-stadt-baden-von-den-fruehen-habsburgern-bis-zum-ausgang-des-mittelalters\/\" \/>\n<meta property=\"og:locale\" content=\"en_US\" \/>\n<meta property=\"og:type\" content=\"article\" \/>\n<meta property=\"og:title\" content=\"Geschichte Stadt Baden: Von den fr\u00fchen Habsburgern bis zum Ausgang des Mittelalters (1260-1500) - Mariazell im Wienerwald\" \/>\n<meta property=\"og:description\" content=\"21 x 21 cm, 264 Seiten, zahlreiche Abbildungen  Wie wehrte sich die Kaiserin gegen die Raubritter von Rauhenstein? Waren nackt badende M\u00f6nche automatisch exkommuniziert? Und \u00fcber was diskutierten Berthold Ketzer und Heinrich Fromm im Gasthaus des Konrad Wirt?  Dieses Buch von Dr. Rudolf Maurer, dem ehemaligen Leiter des Badener Rollettmuseums und Stadtarchivs, ist in seinem absolut unvergleichlichen Schreibstil verfasst, sodass man ihn beim Lesen regelrecht zu h\u00f6ren vermeint. Es spannt den Bogen von den fr\u00fchen namentlich bekannten Badenerinnen und Badenern \u00fcber die Freuden und Sorgen des Sp\u00e4tmittelalters hin zur feierlichen Erhebung Badens zur Stadt am 5. Juli 1480.  Mit dem Ziel, die erste umfassende Darstellung der Badener Stadtgeschichte seit \u00fcber 100 Jahren zu schaffen, ging der Autor in Pension, um sich voll und ganz diesem monumentalen Projekt zu widmen. Bis in die Zeit um ca. 1500 konnte er es fertigstellen. Es entstand ein wahres Meisterwerk, das vor Fach- und Quellenkenntnis nur so strotzt und mittels innovativer Forschungsmethoden zahlreiche neue Erkenntnisse gewinnt. Mit faszinierenden Erz\u00e4hlungen richtet sich Rudolf Maurers \u201eStadtgeschichte&quot; an ein gro\u00dfes Publikum - ein Muss nicht nur f\u00fcr alle Freunde der Stadt Baden.\" \/>\n<meta property=\"og:url\" content=\"https:\/\/www.mariazell-wienerwald.at\/en\/klosterladen\/produkte-neu\/bucher\/ab-november-2024-geschichte-stadt-baden-von-den-fruehen-habsburgern-bis-zum-ausgang-des-mittelalters\/\" \/>\n<meta property=\"og:site_name\" content=\"Mariazell im Wienerwald\" \/>\n<meta property=\"article:modified_time\" content=\"2024-11-22T17:30:10+00:00\" \/>\n<meta property=\"og:image\" content=\"https:\/\/www.mariazell-wienerwald.at\/wp-content\/uploads\/2024\/04\/Maurer_Cover_Band2.jpg\" \/>\n\t<meta property=\"og:image:width\" content=\"1246\" \/>\n\t<meta property=\"og:image:height\" content=\"1598\" \/>\n\t<meta property=\"og:image:type\" content=\"image\/jpeg\" \/>\n<meta name=\"twitter:card\" content=\"summary_large_image\" \/>\n<meta name=\"twitter:label1\" content=\"Est. reading time\" \/>\n\t<meta name=\"twitter:data1\" content=\"2 minutes\" \/>\n<script type=\"application\/ld+json\" class=\"yoast-schema-graph\">{\"@context\":\"https:\/\/schema.org\",\"@graph\":[{\"@type\":\"WebPage\",\"@id\":\"https:\/\/www.mariazell-wienerwald.at\/klosterladen\/produkte-neu\/bucher\/ab-november-2024-geschichte-stadt-baden-von-den-fruehen-habsburgern-bis-zum-ausgang-des-mittelalters\/\",\"url\":\"https:\/\/www.mariazell-wienerwald.at\/klosterladen\/produkte-neu\/bucher\/ab-november-2024-geschichte-stadt-baden-von-den-fruehen-habsburgern-bis-zum-ausgang-des-mittelalters\/\",\"name\":\"Geschichte Stadt Baden: Von den fr\u00fchen Habsburgern bis zum Ausgang des Mittelalters (1260-1500) - Mariazell im Wienerwald\",\"isPartOf\":{\"@id\":\"https:\/\/www.mariazell-wienerwald.at\/#website\"},\"primaryImageOfPage\":{\"@id\":\"https:\/\/www.mariazell-wienerwald.at\/klosterladen\/produkte-neu\/bucher\/ab-november-2024-geschichte-stadt-baden-von-den-fruehen-habsburgern-bis-zum-ausgang-des-mittelalters\/#primaryimage\"},\"image\":{\"@id\":\"https:\/\/www.mariazell-wienerwald.at\/klosterladen\/produkte-neu\/bucher\/ab-november-2024-geschichte-stadt-baden-von-den-fruehen-habsburgern-bis-zum-ausgang-des-mittelalters\/#primaryimage\"},\"thumbnailUrl\":\"https:\/\/www.mariazell-wienerwald.at\/wp-content\/uploads\/2024\/04\/Maurer_Cover_Band2.jpg\",\"datePublished\":\"2024-04-26T16:03:13+00:00\",\"dateModified\":\"2024-11-22T17:30:10+00:00\",\"breadcrumb\":{\"@id\":\"https:\/\/www.mariazell-wienerwald.at\/klosterladen\/produkte-neu\/bucher\/ab-november-2024-geschichte-stadt-baden-von-den-fruehen-habsburgern-bis-zum-ausgang-des-mittelalters\/#breadcrumb\"},\"inLanguage\":\"en-US\",\"potentialAction\":[{\"@type\":\"ReadAction\",\"target\":[\"https:\/\/www.mariazell-wienerwald.at\/klosterladen\/produkte-neu\/bucher\/ab-november-2024-geschichte-stadt-baden-von-den-fruehen-habsburgern-bis-zum-ausgang-des-mittelalters\/\"]}]},{\"@type\":\"ImageObject\",\"inLanguage\":\"en-US\",\"@id\":\"https:\/\/www.mariazell-wienerwald.at\/klosterladen\/produkte-neu\/bucher\/ab-november-2024-geschichte-stadt-baden-von-den-fruehen-habsburgern-bis-zum-ausgang-des-mittelalters\/#primaryimage\",\"url\":\"https:\/\/www.mariazell-wienerwald.at\/wp-content\/uploads\/2024\/04\/Maurer_Cover_Band2.jpg\",\"contentUrl\":\"https:\/\/www.mariazell-wienerwald.at\/wp-content\/uploads\/2024\/04\/Maurer_Cover_Band2.jpg\",\"width\":1246,\"height\":1598},{\"@type\":\"BreadcrumbList\",\"@id\":\"https:\/\/www.mariazell-wienerwald.at\/klosterladen\/produkte-neu\/bucher\/ab-november-2024-geschichte-stadt-baden-von-den-fruehen-habsburgern-bis-zum-ausgang-des-mittelalters\/#breadcrumb\",\"itemListElement\":[{\"@type\":\"ListItem\",\"position\":1,\"name\":\"Startseite\",\"item\":\"https:\/\/www.mariazell-wienerwald.at\/\"},{\"@type\":\"ListItem\",\"position\":2,\"name\":\"Produkte\",\"item\":\"https:\/\/www.mariazell-wienerwald.at\/klosterladen__trashed\/produkte\/\"},{\"@type\":\"ListItem\",\"position\":3,\"name\":\"Geschichte Stadt Baden: Von den fr\u00fchen Habsburgern bis zum Ausgang des Mittelalters (1260-1500)\"}]},{\"@type\":\"WebSite\",\"@id\":\"https:\/\/www.mariazell-wienerwald.at\/#website\",\"url\":\"https:\/\/www.mariazell-wienerwald.at\/\",\"name\":\"Mariazell im Wienerwald\",\"description\":\"\",\"potentialAction\":[{\"@type\":\"SearchAction\",\"target\":{\"@type\":\"EntryPoint\",\"urlTemplate\":\"https:\/\/www.mariazell-wienerwald.at\/?s={search_term_string}\"},\"query-input\":\"required name=search_term_string\"}],\"inLanguage\":\"en-US\"}]}<\/script>\n<!-- \/ Yoast SEO plugin. -->","yoast_head_json":{"title":"Geschichte Stadt Baden: Von den fr\u00fchen Habsburgern bis zum Ausgang des Mittelalters (1260-1500) - Mariazell im Wienerwald","robots":{"index":"index","follow":"follow","max-snippet":"max-snippet:-1","max-image-preview":"max-image-preview:large","max-video-preview":"max-video-preview:-1"},"canonical":"https:\/\/www.mariazell-wienerwald.at\/en\/klosterladen\/produkte-neu\/bucher\/ab-november-2024-geschichte-stadt-baden-von-den-fruehen-habsburgern-bis-zum-ausgang-des-mittelalters\/","og_locale":"en_US","og_type":"article","og_title":"Geschichte Stadt Baden: Von den fr\u00fchen Habsburgern bis zum Ausgang des Mittelalters (1260-1500) - Mariazell im Wienerwald","og_description":"21 x 21 cm, 264 Seiten, zahlreiche Abbildungen  Wie wehrte sich die Kaiserin gegen die Raubritter von Rauhenstein? Waren nackt badende M\u00f6nche automatisch exkommuniziert? Und \u00fcber was diskutierten Berthold Ketzer und Heinrich Fromm im Gasthaus des Konrad Wirt?  Dieses Buch von Dr. Rudolf Maurer, dem ehemaligen Leiter des Badener Rollettmuseums und Stadtarchivs, ist in seinem absolut unvergleichlichen Schreibstil verfasst, sodass man ihn beim Lesen regelrecht zu h\u00f6ren vermeint. Es spannt den Bogen von den fr\u00fchen namentlich bekannten Badenerinnen und Badenern \u00fcber die Freuden und Sorgen des Sp\u00e4tmittelalters hin zur feierlichen Erhebung Badens zur Stadt am 5. Juli 1480.  Mit dem Ziel, die erste umfassende Darstellung der Badener Stadtgeschichte seit \u00fcber 100 Jahren zu schaffen, ging der Autor in Pension, um sich voll und ganz diesem monumentalen Projekt zu widmen. Bis in die Zeit um ca. 1500 konnte er es fertigstellen. Es entstand ein wahres Meisterwerk, das vor Fach- und Quellenkenntnis nur so strotzt und mittels innovativer Forschungsmethoden zahlreiche neue Erkenntnisse gewinnt. Mit faszinierenden Erz\u00e4hlungen richtet sich Rudolf Maurers \u201eStadtgeschichte\" an ein gro\u00dfes Publikum - ein Muss nicht nur f\u00fcr alle Freunde der Stadt Baden.","og_url":"https:\/\/www.mariazell-wienerwald.at\/en\/klosterladen\/produkte-neu\/bucher\/ab-november-2024-geschichte-stadt-baden-von-den-fruehen-habsburgern-bis-zum-ausgang-des-mittelalters\/","og_site_name":"Mariazell im Wienerwald","article_modified_time":"2024-11-22T17:30:10+00:00","og_image":[{"width":1246,"height":1598,"url":"https:\/\/www.mariazell-wienerwald.at\/wp-content\/uploads\/2024\/04\/Maurer_Cover_Band2.jpg","type":"image\/jpeg"}],"twitter_card":"summary_large_image","twitter_misc":{"Est. reading time":"2 minutes"},"schema":{"@context":"https:\/\/schema.org","@graph":[{"@type":"WebPage","@id":"https:\/\/www.mariazell-wienerwald.at\/klosterladen\/produkte-neu\/bucher\/ab-november-2024-geschichte-stadt-baden-von-den-fruehen-habsburgern-bis-zum-ausgang-des-mittelalters\/","url":"https:\/\/www.mariazell-wienerwald.at\/klosterladen\/produkte-neu\/bucher\/ab-november-2024-geschichte-stadt-baden-von-den-fruehen-habsburgern-bis-zum-ausgang-des-mittelalters\/","name":"Geschichte Stadt Baden: Von den fr\u00fchen Habsburgern bis zum Ausgang des Mittelalters (1260-1500) - Mariazell im Wienerwald","isPartOf":{"@id":"https:\/\/www.mariazell-wienerwald.at\/#website"},"primaryImageOfPage":{"@id":"https:\/\/www.mariazell-wienerwald.at\/klosterladen\/produkte-neu\/bucher\/ab-november-2024-geschichte-stadt-baden-von-den-fruehen-habsburgern-bis-zum-ausgang-des-mittelalters\/#primaryimage"},"image":{"@id":"https:\/\/www.mariazell-wienerwald.at\/klosterladen\/produkte-neu\/bucher\/ab-november-2024-geschichte-stadt-baden-von-den-fruehen-habsburgern-bis-zum-ausgang-des-mittelalters\/#primaryimage"},"thumbnailUrl":"https:\/\/www.mariazell-wienerwald.at\/wp-content\/uploads\/2024\/04\/Maurer_Cover_Band2.jpg","datePublished":"2024-04-26T16:03:13+00:00","dateModified":"2024-11-22T17:30:10+00:00","breadcrumb":{"@id":"https:\/\/www.mariazell-wienerwald.at\/klosterladen\/produkte-neu\/bucher\/ab-november-2024-geschichte-stadt-baden-von-den-fruehen-habsburgern-bis-zum-ausgang-des-mittelalters\/#breadcrumb"},"inLanguage":"en-US","potentialAction":[{"@type":"ReadAction","target":["https:\/\/www.mariazell-wienerwald.at\/klosterladen\/produkte-neu\/bucher\/ab-november-2024-geschichte-stadt-baden-von-den-fruehen-habsburgern-bis-zum-ausgang-des-mittelalters\/"]}]},{"@type":"ImageObject","inLanguage":"en-US","@id":"https:\/\/www.mariazell-wienerwald.at\/klosterladen\/produkte-neu\/bucher\/ab-november-2024-geschichte-stadt-baden-von-den-fruehen-habsburgern-bis-zum-ausgang-des-mittelalters\/#primaryimage","url":"https:\/\/www.mariazell-wienerwald.at\/wp-content\/uploads\/2024\/04\/Maurer_Cover_Band2.jpg","contentUrl":"https:\/\/www.mariazell-wienerwald.at\/wp-content\/uploads\/2024\/04\/Maurer_Cover_Band2.jpg","width":1246,"height":1598},{"@type":"BreadcrumbList","@id":"https:\/\/www.mariazell-wienerwald.at\/klosterladen\/produkte-neu\/bucher\/ab-november-2024-geschichte-stadt-baden-von-den-fruehen-habsburgern-bis-zum-ausgang-des-mittelalters\/#breadcrumb","itemListElement":[{"@type":"ListItem","position":1,"name":"Startseite","item":"https:\/\/www.mariazell-wienerwald.at\/"},{"@type":"ListItem","position":2,"name":"Produkte","item":"https:\/\/www.mariazell-wienerwald.at\/klosterladen__trashed\/produkte\/"},{"@type":"ListItem","position":3,"name":"Geschichte Stadt Baden: Von den fr\u00fchen Habsburgern bis zum Ausgang des Mittelalters (1260-1500)"}]},{"@type":"WebSite","@id":"https:\/\/www.mariazell-wienerwald.at\/#website","url":"https:\/\/www.mariazell-wienerwald.at\/","name":"Mariazell im Wienerwald","description":"","potentialAction":[{"@type":"SearchAction","target":{"@type":"EntryPoint","urlTemplate":"https:\/\/www.mariazell-wienerwald.at\/?s={search_term_string}"},"query-input":"required name=search_term_string"}],"inLanguage":"en-US"}]}},"_links":{"self":[{"href":"https:\/\/www.mariazell-wienerwald.at\/en\/wp-json\/wp\/v2\/product\/6256"}],"collection":[{"href":"https:\/\/www.mariazell-wienerwald.at\/en\/wp-json\/wp\/v2\/product"}],"about":[{"href":"https:\/\/www.mariazell-wienerwald.at\/en\/wp-json\/wp\/v2\/types\/product"}],"replies":[{"embeddable":true,"href":"https:\/\/www.mariazell-wienerwald.at\/en\/wp-json\/wp\/v2\/comments?post=6256"}],"wp:featuredmedia":[{"embeddable":true,"href":"https:\/\/www.mariazell-wienerwald.at\/en\/wp-json\/wp\/v2\/media\/6268"}],"wp:attachment":[{"href":"https:\/\/www.mariazell-wienerwald.at\/en\/wp-json\/wp\/v2\/media?parent=6256"}],"wp:term":[{"taxonomy":"product_cat","embeddable":true,"href":"https:\/\/www.mariazell-wienerwald.at\/en\/wp-json\/wp\/v2\/product_cat?post=6256"},{"taxonomy":"product_tag","embeddable":true,"href":"https:\/\/www.mariazell-wienerwald.at\/en\/wp-json\/wp\/v2\/product_tag?post=6256"}],"curies":[{"name":"wp","href":"https:\/\/api.w.org\/{rel}","templated":true}]}}